{"id":106,"date":"2015-07-18T09:20:40","date_gmt":"2015-07-18T09:20:40","guid":{"rendered":"https:\/\/rodrigomonteiro.pro.br\/site\/?page_id=106"},"modified":"2022-06-07T11:59:37","modified_gmt":"2022-06-07T11:59:37","slug":"home-1","status":"publish","type":"page","link":"https:\/\/rodrigomonteiro.pro.br\/site\/","title":{"rendered":"Home 1"},"content":{"rendered":"<p>[vc_row parallax_style=&#8221;none&#8221; parallax_scroll_effect=&#8221;fixed&#8221; el_class=&#8221;margin-bottom-100&#8243;][vc_column][rev_slider_vc alias=&#8221;home-1&#8243;][\/vc_column][\/vc_row][vc_row layout=&#8221;boxed&#8221; parallax_style=&#8221;none&#8221; parallax_scroll_effect=&#8221;fixed&#8221; el_class=&#8221;text-center margin-bottom-100&#8243;][vc_column width=&#8221;6\/12&#8243; el_class=&#8221;col-md-5 col-sm-12 col-xs-12&#8243;][vc_single_image image=&#8221;1049&#8243; img_size=&#8221;full&#8221; alignment=&#8221;center&#8221;][\/vc_column][vc_column width=&#8221;6\/12&#8243; el_class=&#8221;col-md-7 col-sm-12 col-xs-12&#8243;]\t\t\t<div\n\t\t\t\tclass=\"darna-heading style1 \" >\n\t\t\t\t\t\t\t\t\t<h2>PROFESSOR RODRIGO MONTEIRO<\/h2>\n\t\t\t\t\t\t\t\t\t\t\t\t\t<p>PROMOTOR DE JUSTI\u00c7A NO ESTADO DO ESP\u00cdRITO SANTO<\/p>\n\t\t\t\t\t\t\t<\/div>\n\t\t\t[vc_column_text css=&#8221;.vc_custom_1650840543024{padding-top: 33px !important;padding-bottom: 33px !important;}&#8221;]<\/p>\n<p style=\"text-align: center;\">Rodrigo Monteiro da Silva j\u00e1 ministrou palestras em v\u00e1rios estados brasileiros, bem como no exterior.<\/p>\n<p style=\"text-align: center;\">Suas exposi\u00e7\u00f5es apresentam temas variados, merecendo destaque: a tutela da probidade administrativa, o controle social da gest\u00e3o p\u00fablica, democracia, transpar\u00eancia na Administra\u00e7\u00e3o P\u00fablica, o combate \u00e0 corrup\u00e7\u00e3o, \u00e9tica na gest\u00e3o p\u00fablica, o Tribunal do J\u00fari, entre outros.<\/p>\n<p>[\/vc_column_text]\t\t\t\t\t\t<a class=\"darna-button size-xs style1 icon-left  \"\n\t\t\t   href=\"#\"\n\t\t\t   title=\"SAIBA MAIS\"\n\t\t\t   target=\"_self\"\n\t\t\t\t>\n\t\t\t\tSAIBA MAIS\t\t\t<\/a>\n\t\t\t\t\t[\/vc_column][\/vc_row][vc_row parallax_style=&#8221;none&#8221; parallax_scroll_effect=&#8221;fixed&#8221; css=&#8221;.vc_custom_1650930600629{background-color: #e4e4e4 !important;background-position: 0 0 !important;background-repeat: repeat !important;}&#8221;][vc_column][vc_row_inner layout=&#8221;boxed&#8221; css=&#8221;.vc_custom_1650930619344{padding-top: 40px !important;padding-bottom: 40px !important;}&#8221;][vc_column_inner]\t\t\t<div\n\t\t\t\tclass=\"darna-heading style1 margin-bottom-40\" >\n\t\t\t\t\t\t\t\t\t<h2>PUBLICA\u00c7\u00d5ES<\/h2>\n\t\t\t\t\t\t\t\t\t\t\t\t\t<p>Livros a Venda<\/p>\n\t\t\t\t\t\t\t<\/div>\n\t\t\t\t\t\t\t<div\n\t\t\t\t\tclass=\"darna-post  \" >\n\t\t\t\t\t\t\t\t\t\t\t<div class=\"darna-post-slider\">\n\t\t\t\t\t\t\t<div\n\t\t\t\t\t\t\t\tdata-plugin-options='{\"items\" : 3,\"itemsDesktop\":[1199, 3],\"itemsDesktopSmall\":[980, 2],\"itemsTablet\":[768, 1],\"pagination\":true,\"navigation\":false, \"autoPlay\": true }'\n\t\t\t\t\t\t\t\tclass=\"owl-carousel\">\n\t\t\t\t\t\t\t\t\t\t\t\t\t\t\t\t\t<div class=\"darna-post-item\">\n\t\t\t\t\t\t\t\t\t\t\t\t\t\t\t\t\t\t\t\t\t<div class=\"darna-post-image\">\n\t\t\t\t\t\t\t\t\t\t\t\t<div class=\"entry-thumbnail\">\n                        <a href=\"https:\/\/rodrigomonteiro.pro.br\/site\/https-www-editorafoco-com-br-produto-ministerio-publico-estrategico-tutela-penal-processual-2023\/\" title=\"Minist\u00e9rio P\u00fablico Estrat\u00e9gico &#8211; Tutela Penal e Processual da Vida &#8211; 1\u00aa Ed &#8211; 2023 &#8211; Volume 4 (2021)\" class=\"entry-thumbnail_overlay\">\n                            <img loading=\"lazy\" decoding=\"async\" width=\"370\" height=\"220\" class=\"img-responsive\" src=\"https:\/\/rodrigomonteiro.pro.br\/site\/wp-content\/uploads\/2023\/06\/Unknown-2-370x220.jpeg\" alt=\"Minist\u00e9rio P\u00fablico Estrat\u00e9gico &#8211; Tutela Penal e Processual da Vida &#8211; 1\u00aa Ed &#8211; 2023 &#8211; Volume 4 (2021)\" \/>\n                        <\/a>\n                        <a data-rel=\"prettyPhoto\" href=\"https:\/\/rodrigomonteiro.pro.br\/site\/wp-content\/uploads\/2023\/06\/Unknown-2.jpeg\" class=\"prettyPhoto\"><i class=\"fa fa-expand\"><\/i><\/a>\n                      <\/div>\t\t\t\t\t\t\t\t\t\t\t<\/div>\n\t\t\t\t\t\t\t\t\t\t\t\t\t\t\t\t\t\t\t\t<div class=\"darna-post-content\">\n\t\t\t\t\t\t\t\t\t\t\t<a class=\"darna-post-title\" href=\"https:\/\/rodrigomonteiro.pro.br\/site\/https-www-editorafoco-com-br-produto-ministerio-publico-estrategico-tutela-penal-processual-2023\/\"\n\t\t\t\t\t\t\t\t\t\t\t   rel=\"bookmark\" title=\"Minist\u00e9rio P\u00fablico Estrat\u00e9gico &#8211; Tutela Penal e Processual da Vida &#8211; 1\u00aa Ed &#8211; 2023 &#8211; Volume 4 (2021)\">Minist\u00e9rio P\u00fablico Estrat\u00e9gico &#8211; Tutela Penal e Processual da Vida &#8211; 1\u00aa Ed &#8211; 2023 &#8211; Volume 4 (2021)<\/a>\n\t\t\t\t\t\t\t\t\t\t\t<i class=\"fa fa-calendar\"><span>junho 21, 2023<\/span><\/i>\n\t\t\t\t\t\t\t\t\t\t\t<i class=\"fa fa-user\"><span><a href=\"https:\/\/rodrigomonteiro.pro.br\/site\/author\/rodrigomonteiro\/\">Rodrigo Monteiro<\/a><\/span><\/i>\n\t\t\t\t\t\t\t\t\t\t\t\t\t\t\t\t\t\t\t\t\t\t<p>https:\/\/www.editorafoco.com.br\/produto\/ministerio-publico-estrategico-tutela-penal-processual-2023<\/p>\n\t\t\t\t\t\t\t\t\t\t<\/div>\n\t\t\t\t\t\t\t\t\t<\/div>\n\t\t\t\t\t\t\t\t\t\t\t\t\t\t\t\t\t<div class=\"darna-post-item\">\n\t\t\t\t\t\t\t\t\t\t\t\t\t\t\t\t\t\t\t\t\t<div class=\"darna-post-image\">\n\t\t\t\t\t\t\t\t\t\t\t\t<div class=\"entry-thumbnail\">\n                        <a href=\"https:\/\/rodrigomonteiro.pro.br\/site\/tribunal-do-juri-o-ministerio-publico-em-defesa-da-justica-2021-2\/\" title=\"Tribunal do J\u00fari: o Minist\u00e9rio P\u00fablico em defesa da Justi\u00e7a (2021)\" class=\"entry-thumbnail_overlay\">\n                            <img loading=\"lazy\" decoding=\"async\" width=\"370\" height=\"220\" class=\"img-responsive\" src=\"https:\/\/rodrigomonteiro.pro.br\/site\/wp-content\/uploads\/2022\/06\/service-9-370x220.jpeg\" alt=\"Tribunal do J\u00fari: o Minist\u00e9rio P\u00fablico em defesa da Justi\u00e7a (2021)\" \/>\n                        <\/a>\n                        <a data-rel=\"prettyPhoto\" href=\"https:\/\/rodrigomonteiro.pro.br\/site\/wp-content\/uploads\/2022\/06\/service-9.jpeg\" class=\"prettyPhoto\"><i class=\"fa fa-expand\"><\/i><\/a>\n                      <\/div>\t\t\t\t\t\t\t\t\t\t\t<\/div>\n\t\t\t\t\t\t\t\t\t\t\t\t\t\t\t\t\t\t\t\t<div class=\"darna-post-content\">\n\t\t\t\t\t\t\t\t\t\t\t<a class=\"darna-post-title\" href=\"https:\/\/rodrigomonteiro.pro.br\/site\/tribunal-do-juri-o-ministerio-publico-em-defesa-da-justica-2021-2\/\"\n\t\t\t\t\t\t\t\t\t\t\t   rel=\"bookmark\" title=\"Tribunal do J\u00fari: o Minist\u00e9rio P\u00fablico em defesa da Justi\u00e7a (2021)\">Tribunal do J\u00fari: o Minist\u00e9rio P\u00fablico em defesa da Justi\u00e7a (2021)<\/a>\n\t\t\t\t\t\t\t\t\t\t\t<i class=\"fa fa-calendar\"><span>mar\u00e7o 24, 2023<\/span><\/i>\n\t\t\t\t\t\t\t\t\t\t\t<i class=\"fa fa-user\"><span><a href=\"https:\/\/rodrigomonteiro.pro.br\/site\/author\/admin\/\">admin<\/a><\/span><\/i>\n\t\t\t\t\t\t\t\t\t\t\t\t\t\t\t\t\t\t\t\t\t\t<p>O sistema normativo criminal brasileiro \u00e9 composto por dezenas de diplomas legais aprovados ao longo do tempo, sendo alguns extremamente atuais (como [...]<\/p>\n\t\t\t\t\t\t\t\t\t\t<\/div>\n\t\t\t\t\t\t\t\t\t<\/div>\n\t\t\t\t\t\t\t\t\t\t\t\t\t\t\t\t\t<div class=\"darna-post-item\">\n\t\t\t\t\t\t\t\t\t\t\t\t\t\t\t\t\t\t\t\t\t<div class=\"darna-post-image\">\n\t\t\t\t\t\t\t\t\t\t\t\t<div class=\"entry-thumbnail\">\n                        <a href=\"https:\/\/rodrigomonteiro.pro.br\/site\/https-loja-editoradialetica-com-humanidades-assistente-de-acusacao-a-necessaria-superacao-da-invisibilidade-da-vitima-no-processo-penal\/\" title=\"Assistente de acusa\u00e7\u00e3o: a necess\u00e1ria supera\u00e7\u00e3o da invisibilidade da v\u00edtima no processo penal &#8211; 2022\" class=\"entry-thumbnail_overlay\">\n                            <img loading=\"lazy\" decoding=\"async\" width=\"370\" height=\"220\" class=\"img-responsive\" src=\"https:\/\/rodrigomonteiro.pro.br\/site\/wp-content\/uploads\/2023\/03\/copia-assistente-370x220.jpg\" alt=\"Assistente de acusa\u00e7\u00e3o: a necess\u00e1ria supera\u00e7\u00e3o da invisibilidade da v\u00edtima no processo penal &#8211; 2022\" \/>\n                        <\/a>\n                        <a data-rel=\"prettyPhoto\" href=\"https:\/\/rodrigomonteiro.pro.br\/site\/wp-content\/uploads\/2023\/03\/copia-assistente.jpg\" class=\"prettyPhoto\"><i class=\"fa fa-expand\"><\/i><\/a>\n                      <\/div>\t\t\t\t\t\t\t\t\t\t\t<\/div>\n\t\t\t\t\t\t\t\t\t\t\t\t\t\t\t\t\t\t\t\t<div class=\"darna-post-content\">\n\t\t\t\t\t\t\t\t\t\t\t<a class=\"darna-post-title\" href=\"https:\/\/rodrigomonteiro.pro.br\/site\/https-loja-editoradialetica-com-humanidades-assistente-de-acusacao-a-necessaria-superacao-da-invisibilidade-da-vitima-no-processo-penal\/\"\n\t\t\t\t\t\t\t\t\t\t\t   rel=\"bookmark\" title=\"Assistente de acusa\u00e7\u00e3o: a necess\u00e1ria supera\u00e7\u00e3o da invisibilidade da v\u00edtima no processo penal &#8211; 2022\">Assistente de acusa\u00e7\u00e3o: a necess\u00e1ria supera\u00e7\u00e3o da invisibilidade da v\u00edtima no processo penal &#8211; 2022<\/a>\n\t\t\t\t\t\t\t\t\t\t\t<i class=\"fa fa-calendar\"><span>mar\u00e7o 21, 2023<\/span><\/i>\n\t\t\t\t\t\t\t\t\t\t\t<i class=\"fa fa-user\"><span><a href=\"https:\/\/rodrigomonteiro.pro.br\/site\/author\/rodrigomonteiro\/\">Rodrigo Monteiro<\/a><\/span><\/i>\n\t\t\t\t\t\t\t\t\t\t\t\t\t\t\t\t\t\t\t\t\t\t<p>Assistente de acusa\u00e7\u00e3o: a necess\u00e1ria supera\u00e7\u00e3o da invisibilidade da v\u00edtima no processo penal &#8211; 2022 A presente obra oferece ao operador do [...]<\/p>\n\t\t\t\t\t\t\t\t\t\t<\/div>\n\t\t\t\t\t\t\t\t\t<\/div>\n\t\t\t\t\t\t\t\t\t\t\t\t\t\t\t\t\t<div class=\"darna-post-item\">\n\t\t\t\t\t\t\t\t\t\t\t\t\t\t\t\t\t\t\t\t\t<div class=\"darna-post-image\">\n\t\t\t\t\t\t\t\t\t\t\t\t<div class=\"entry-thumbnail\">\n                        <a href=\"https:\/\/rodrigomonteiro.pro.br\/site\/transparencia-e-participacao-popular-2022\/\" title=\"Transpar\u00eancia e Participa\u00e7\u00e3o Popular &#8211; 2022\" class=\"entry-thumbnail_overlay\">\n                            <img loading=\"lazy\" decoding=\"async\" width=\"370\" height=\"220\" class=\"img-responsive\" src=\"https:\/\/rodrigomonteiro.pro.br\/site\/wp-content\/uploads\/2023\/03\/copia-1-transparencia_e_participacao_popular_ferramentas_de_contencao_da_corrupcao_da_ineficiencia_administr_1244246691_1_e8cc3d5c7dbde11338aefd83032c0687-1-370x220.webp\" alt=\"Transpar\u00eancia e Participa\u00e7\u00e3o Popular &#8211; 2022\" \/>\n                        <\/a>\n                        <a data-rel=\"prettyPhoto\" href=\"\" class=\"prettyPhoto\"><i class=\"fa fa-expand\"><\/i><\/a>\n                      <\/div>\t\t\t\t\t\t\t\t\t\t\t<\/div>\n\t\t\t\t\t\t\t\t\t\t\t\t\t\t\t\t\t\t\t\t<div class=\"darna-post-content\">\n\t\t\t\t\t\t\t\t\t\t\t<a class=\"darna-post-title\" href=\"https:\/\/rodrigomonteiro.pro.br\/site\/transparencia-e-participacao-popular-2022\/\"\n\t\t\t\t\t\t\t\t\t\t\t   rel=\"bookmark\" title=\"Transpar\u00eancia e Participa\u00e7\u00e3o Popular &#8211; 2022\">Transpar\u00eancia e Participa\u00e7\u00e3o Popular &#8211; 2022<\/a>\n\t\t\t\t\t\t\t\t\t\t\t<i class=\"fa fa-calendar\"><span>mar\u00e7o 21, 2023<\/span><\/i>\n\t\t\t\t\t\t\t\t\t\t\t<i class=\"fa fa-user\"><span><a href=\"https:\/\/rodrigomonteiro.pro.br\/site\/author\/rodrigomonteiro\/\">Rodrigo Monteiro<\/a><\/span><\/i>\n\t\t\t\t\t\t\t\t\t\t\t\t\t\t\t\t\t\t\t\t\t\t<p>Transpar\u00eancia e participa\u00e7\u00e3o popular: ferramentas de conten\u00e7\u00e3o da corrup\u00e7\u00e3o, da inefici\u00eancia administrativa e da crise de A corrup\u00e7\u00e3o [...]<\/p>\n\t\t\t\t\t\t\t\t\t\t<\/div>\n\t\t\t\t\t\t\t\t\t<\/div>\n\t\t\t\t\t\t\t\t\t\t\t\t\t\t\t\t\t<div class=\"darna-post-item\">\n\t\t\t\t\t\t\t\t\t\t\t\t\t\t\t\t\t\t\t\t\t<div class=\"darna-post-image\">\n\t\t\t\t\t\t\t\t\t\t\t\t<div class=\"entry-thumbnail\">\n                        <a href=\"https:\/\/rodrigomonteiro.pro.br\/site\/uso-profissional-improbidade-administrativa-2019\/\" title=\"USO PROFISSIONAL &#8211; IMPROBIDADE ADMINISTRATIVA (2019)\" class=\"entry-thumbnail_overlay\">\n                            <img loading=\"lazy\" decoding=\"async\" width=\"370\" height=\"220\" class=\"img-responsive\" src=\"https:\/\/rodrigomonteiro.pro.br\/site\/wp-content\/uploads\/2022\/06\/service-1-370x220.png\" alt=\"USO PROFISSIONAL &#8211; IMPROBIDADE ADMINISTRATIVA (2019)\" \/>\n                        <\/a>\n                        <a data-rel=\"prettyPhoto\" href=\"https:\/\/rodrigomonteiro.pro.br\/site\/wp-content\/uploads\/2022\/06\/service-1.png\" class=\"prettyPhoto\"><i class=\"fa fa-expand\"><\/i><\/a>\n                      <\/div>\t\t\t\t\t\t\t\t\t\t\t<\/div>\n\t\t\t\t\t\t\t\t\t\t\t\t\t\t\t\t\t\t\t\t<div class=\"darna-post-content\">\n\t\t\t\t\t\t\t\t\t\t\t<a class=\"darna-post-title\" href=\"https:\/\/rodrigomonteiro.pro.br\/site\/uso-profissional-improbidade-administrativa-2019\/\"\n\t\t\t\t\t\t\t\t\t\t\t   rel=\"bookmark\" title=\"USO PROFISSIONAL &#8211; IMPROBIDADE ADMINISTRATIVA (2019)\">USO PROFISSIONAL &#8211; IMPROBIDADE ADMINISTRATIVA (2019)<\/a>\n\t\t\t\t\t\t\t\t\t\t\t<i class=\"fa fa-calendar\"><span>junho 21, 2022<\/span><\/i>\n\t\t\t\t\t\t\t\t\t\t\t<i class=\"fa fa-user\"><span><a href=\"https:\/\/rodrigomonteiro.pro.br\/site\/author\/admin\/\">admin<\/a><\/span><\/i>\n\t\t\t\t\t\t\t\t\t\t\t\t\t\t\t\t\t\t\t\t\t\t<p>O sistema normativo criminal brasileiro \u00e9 composto por dezenas de diplomas legais aprovados ao longo do tempo, sendo alguns extremamente atuais (como [...]<\/p>\n\t\t\t\t\t\t\t\t\t\t<\/div>\n\t\t\t\t\t\t\t\t\t<\/div>\n\t\t\t\t\t\t\t\t\t\t\t\t\t\t\t\t\t<div class=\"darna-post-item\">\n\t\t\t\t\t\t\t\t\t\t\t\t\t\t\t\t\t\t\t\t\t<div class=\"darna-post-image\">\n\t\t\t\t\t\t\t\t\t\t\t\t<div class=\"entry-thumbnail\">\n                        <a href=\"https:\/\/rodrigomonteiro.pro.br\/site\/tribunal-do-juri-o-ministerio-publico-em-defesa-da-justica-2019\/\" title=\"Tribunal do J\u00fari &#8211; O Minist\u00e9rio P\u00fablico em Defesa da Justi\u00e7a &#8211; 2019\" class=\"entry-thumbnail_overlay\">\n                            <img loading=\"lazy\" decoding=\"async\" width=\"370\" height=\"220\" class=\"img-responsive\" src=\"https:\/\/rodrigomonteiro.pro.br\/site\/wp-content\/uploads\/2022\/06\/service-2-370x220.png\" alt=\"Tribunal do J\u00fari &#8211; O Minist\u00e9rio P\u00fablico em Defesa da Justi\u00e7a &#8211; 2019\" \/>\n                        <\/a>\n                        <a data-rel=\"prettyPhoto\" href=\"https:\/\/rodrigomonteiro.pro.br\/site\/wp-content\/uploads\/2022\/06\/service-2.png\" class=\"prettyPhoto\"><i class=\"fa fa-expand\"><\/i><\/a>\n                      <\/div>\t\t\t\t\t\t\t\t\t\t\t<\/div>\n\t\t\t\t\t\t\t\t\t\t\t\t\t\t\t\t\t\t\t\t<div class=\"darna-post-content\">\n\t\t\t\t\t\t\t\t\t\t\t<a class=\"darna-post-title\" href=\"https:\/\/rodrigomonteiro.pro.br\/site\/tribunal-do-juri-o-ministerio-publico-em-defesa-da-justica-2019\/\"\n\t\t\t\t\t\t\t\t\t\t\t   rel=\"bookmark\" title=\"Tribunal do J\u00fari &#8211; O Minist\u00e9rio P\u00fablico em Defesa da Justi\u00e7a &#8211; 2019\">Tribunal do J\u00fari &#8211; O Minist\u00e9rio P\u00fablico em Defesa da Justi\u00e7a &#8211; 2019<\/a>\n\t\t\t\t\t\t\t\t\t\t\t<i class=\"fa fa-calendar\"><span>junho 21, 2022<\/span><\/i>\n\t\t\t\t\t\t\t\t\t\t\t<i class=\"fa fa-user\"><span><a href=\"https:\/\/rodrigomonteiro.pro.br\/site\/author\/admin\/\">admin<\/a><\/span><\/i>\n\t\t\t\t\t\t\t\t\t\t\t\t\t\t\t\t\t\t\t\t\t\t<p>O sistema normativo criminal brasileiro \u00e9 composto por dezenas de diplomas legais aprovados ao longo do tempo, sendo alguns extremamente atuais (como [...]<\/p>\n\t\t\t\t\t\t\t\t\t\t<\/div>\n\t\t\t\t\t\t\t\t\t<\/div>\n\t\t\t\t\t\t\t\t\t\t\t\t\t\t\t\t\t<div class=\"darna-post-item\">\n\t\t\t\t\t\t\t\t\t\t\t\t\t\t\t\t\t\t\t\t\t<div class=\"darna-post-image\">\n\t\t\t\t\t\t\t\t\t\t\t\t<div class=\"entry-thumbnail\">\n                        <a href=\"https:\/\/rodrigomonteiro.pro.br\/site\/ministerio-publico-e-a-constituicao-federal-o-2018\/\" title=\"MINIST\u00c9RIO P\u00daBLICO E A CONSTITUI\u00c7\u00c3O FEDERAL, O &#8211; 2018\" class=\"entry-thumbnail_overlay\">\n                            <img loading=\"lazy\" decoding=\"async\" width=\"370\" height=\"220\" class=\"img-responsive\" src=\"https:\/\/rodrigomonteiro.pro.br\/site\/wp-content\/uploads\/2022\/06\/service-3-370x220.png\" alt=\"MINIST\u00c9RIO P\u00daBLICO E A CONSTITUI\u00c7\u00c3O FEDERAL, O &#8211; 2018\" \/>\n                        <\/a>\n                        <a data-rel=\"prettyPhoto\" href=\"https:\/\/rodrigomonteiro.pro.br\/site\/wp-content\/uploads\/2022\/06\/service-3.png\" class=\"prettyPhoto\"><i class=\"fa fa-expand\"><\/i><\/a>\n                      <\/div>\t\t\t\t\t\t\t\t\t\t\t<\/div>\n\t\t\t\t\t\t\t\t\t\t\t\t\t\t\t\t\t\t\t\t<div class=\"darna-post-content\">\n\t\t\t\t\t\t\t\t\t\t\t<a class=\"darna-post-title\" href=\"https:\/\/rodrigomonteiro.pro.br\/site\/ministerio-publico-e-a-constituicao-federal-o-2018\/\"\n\t\t\t\t\t\t\t\t\t\t\t   rel=\"bookmark\" title=\"MINIST\u00c9RIO P\u00daBLICO E A CONSTITUI\u00c7\u00c3O FEDERAL, O &#8211; 2018\">MINIST\u00c9RIO P\u00daBLICO E A CONSTITUI\u00c7\u00c3O FEDERAL, O &#8211; 2018<\/a>\n\t\t\t\t\t\t\t\t\t\t\t<i class=\"fa fa-calendar\"><span>junho 21, 2022<\/span><\/i>\n\t\t\t\t\t\t\t\t\t\t\t<i class=\"fa fa-user\"><span><a href=\"https:\/\/rodrigomonteiro.pro.br\/site\/author\/admin\/\">admin<\/a><\/span><\/i>\n\t\t\t\t\t\t\t\t\t\t\t\t\t\t\t\t\t\t\t\t\t\t<p>O sistema normativo criminal brasileiro \u00e9 composto por dezenas de diplomas legais aprovados ao longo do tempo, sendo alguns extremamente atuais (como [...]<\/p>\n\t\t\t\t\t\t\t\t\t\t<\/div>\n\t\t\t\t\t\t\t\t\t<\/div>\n\t\t\t\t\t\t\t\t\t\t\t\t\t\t\t\t\t<div class=\"darna-post-item\">\n\t\t\t\t\t\t\t\t\t\t\t\t\t\t\t\t\t\t\t\t\t<div class=\"darna-post-image\">\n\t\t\t\t\t\t\t\t\t\t\t\t<div class=\"entry-thumbnail\">\n                        <a href=\"https:\/\/rodrigomonteiro.pro.br\/site\/corrupcao-e-controle-social-2a-ed-2020\/\" title=\"Corrup\u00e7\u00e3o e Controle Social &#8211; 2\u00aa Ed. &#8211; 2020\" class=\"entry-thumbnail_overlay\">\n                            <img loading=\"lazy\" decoding=\"async\" width=\"370\" height=\"220\" class=\"img-responsive\" src=\"https:\/\/rodrigomonteiro.pro.br\/site\/wp-content\/uploads\/2022\/06\/service-4-370x220.png\" alt=\"Corrup\u00e7\u00e3o e Controle Social &#8211; 2\u00aa Ed. &#8211; 2020\" \/>\n                        <\/a>\n                        <a data-rel=\"prettyPhoto\" href=\"https:\/\/rodrigomonteiro.pro.br\/site\/wp-content\/uploads\/2022\/06\/service-4.png\" class=\"prettyPhoto\"><i class=\"fa fa-expand\"><\/i><\/a>\n                      <\/div>\t\t\t\t\t\t\t\t\t\t\t<\/div>\n\t\t\t\t\t\t\t\t\t\t\t\t\t\t\t\t\t\t\t\t<div class=\"darna-post-content\">\n\t\t\t\t\t\t\t\t\t\t\t<a class=\"darna-post-title\" href=\"https:\/\/rodrigomonteiro.pro.br\/site\/corrupcao-e-controle-social-2a-ed-2020\/\"\n\t\t\t\t\t\t\t\t\t\t\t   rel=\"bookmark\" title=\"Corrup\u00e7\u00e3o e Controle Social &#8211; 2\u00aa Ed. &#8211; 2020\">Corrup\u00e7\u00e3o e Controle Social &#8211; 2\u00aa Ed. &#8211; 2020<\/a>\n\t\t\t\t\t\t\t\t\t\t\t<i class=\"fa fa-calendar\"><span>junho 21, 2022<\/span><\/i>\n\t\t\t\t\t\t\t\t\t\t\t<i class=\"fa fa-user\"><span><a href=\"https:\/\/rodrigomonteiro.pro.br\/site\/author\/admin\/\">admin<\/a><\/span><\/i>\n\t\t\t\t\t\t\t\t\t\t\t\t\t\t\t\t\t\t\t\t\t\t<p>O sistema normativo criminal brasileiro \u00e9 composto por dezenas de diplomas legais aprovados ao longo do tempo, sendo alguns extremamente atuais (como [...]<\/p>\n\t\t\t\t\t\t\t\t\t\t<\/div>\n\t\t\t\t\t\t\t\t\t<\/div>\n\t\t\t\t\t\t\t\t\t\t\t\t\t\t\t\t\t<div class=\"darna-post-item\">\n\t\t\t\t\t\t\t\t\t\t\t\t\t\t\t\t\t\t\t\t\t<div class=\"darna-post-image\">\n\t\t\t\t\t\t\t\t\t\t\t\t<div class=\"entry-thumbnail\">\n                        <a href=\"https:\/\/rodrigomonteiro.pro.br\/site\/lei-anticrime-comentarios-a-lei-13-964-2019\/\" title=\"Lei Anticrime: Coment\u00e1rios \u00e0 Lei 13.964\/2019\" class=\"entry-thumbnail_overlay\">\n                            <img loading=\"lazy\" decoding=\"async\" width=\"370\" height=\"220\" class=\"img-responsive\" src=\"https:\/\/rodrigomonteiro.pro.br\/site\/wp-content\/uploads\/2022\/06\/service-5-370x220.png\" alt=\"Lei Anticrime: Coment\u00e1rios \u00e0 Lei 13.964\/2019\" \/>\n                        <\/a>\n                        <a data-rel=\"prettyPhoto\" href=\"https:\/\/rodrigomonteiro.pro.br\/site\/wp-content\/uploads\/2022\/06\/service-5.png\" class=\"prettyPhoto\"><i class=\"fa fa-expand\"><\/i><\/a>\n                      <\/div>\t\t\t\t\t\t\t\t\t\t\t<\/div>\n\t\t\t\t\t\t\t\t\t\t\t\t\t\t\t\t\t\t\t\t<div class=\"darna-post-content\">\n\t\t\t\t\t\t\t\t\t\t\t<a class=\"darna-post-title\" href=\"https:\/\/rodrigomonteiro.pro.br\/site\/lei-anticrime-comentarios-a-lei-13-964-2019\/\"\n\t\t\t\t\t\t\t\t\t\t\t   rel=\"bookmark\" title=\"Lei Anticrime: Coment\u00e1rios \u00e0 Lei 13.964\/2019\">Lei Anticrime: Coment\u00e1rios \u00e0 Lei 13.964\/2019<\/a>\n\t\t\t\t\t\t\t\t\t\t\t<i class=\"fa fa-calendar\"><span>junho 21, 2022<\/span><\/i>\n\t\t\t\t\t\t\t\t\t\t\t<i class=\"fa fa-user\"><span><a href=\"https:\/\/rodrigomonteiro.pro.br\/site\/author\/admin\/\">admin<\/a><\/span><\/i>\n\t\t\t\t\t\t\t\t\t\t\t\t\t\t\t\t\t\t\t\t\t\t<p>O sistema normativo criminal brasileiro \u00e9 composto por dezenas de diplomas legais aprovados ao longo do tempo, sendo alguns extremamente atuais (como [...]<\/p>\n\t\t\t\t\t\t\t\t\t\t<\/div>\n\t\t\t\t\t\t\t\t\t<\/div>\n\t\t\t\t\t\t\t\t\t\t\t\t\t\t\t<\/div>\n\t\t\t\t\t\t<\/div>\n\t\t\t\t\t\t\t\t\t<\/div>\n\t\t\t[\/vc_column_inner][\/vc_row_inner][\/vc_column][\/vc_row][vc_row parallax_style=&#8221;none&#8221; parallax_scroll_effect=&#8221;fixed&#8221; css=&#8221;.vc_custom_1651431486996{padding-bottom: 60px !important;background-image: url(https:\/\/rodrigomonteiro.pro.br\/site\/wp-content\/uploads\/2015\/07\/bg.jpg?id=624) !important;background-position: 0 0 !important;background-repeat: repeat !important;}&#8221;][vc_column][vc_row_inner layout=&#8221;boxed&#8221;][vc_column_inner]\t\t\t<div\n\t\t\t\tclass=\"darna-heading style2 margin-bottom-60 margin-top-100\" >\n\t\t\t\t\t\t\t\t\t<h2>NOSSOS V\u00cdDEOS<\/h2>\n\t\t\t\t\t\t\t\t\t\t\t\t\t<p>Siga nosso canal no Youtube<\/p>\n\t\t\t\t\t\t\t<\/div>\n\t\t\t[vc_raw_html]JTVCeW91dHViZS1mZWVkJTIwY2hhbm5lbCUzRCUyMlVDZl9BR0ZCc2JGT0FXNFg1RDdzekYtZyUyMiU1RA==[\/vc_raw_html][\/vc_column_inner][\/vc_row_inner][\/vc_column][\/vc_row][vc_row layout=&#8221;boxed&#8221; parallax_style=&#8221;none&#8221; parallax_scroll_effect=&#8221;fixed&#8221; el_class=&#8221;margin-bottom-65&#8243; css=&#8221;.vc_custom_1651431497265{padding-top: 40px !important;padding-bottom: 20px !important;}&#8221;][vc_column]\t\t\t<div\n\t\t\t\tclass=\"darna-heading style1 margin-bottom-40\" >\n\t\t\t\t\t\t\t\t\t<h2>SIGA-NOS NO INSTAGRAM<\/h2>\n\t\t\t\t\t\t\t\t\t\t\t\t\t<p>Siga nossa p\u00e1gina no Instagram<\/p>\n\t\t\t\t\t\t\t<\/div>\n\t\t\t[vc_raw_html]JTVCaW5zdGFncmFtLWZlZWQlMjBmZWVkJTNEMSU1RA==[\/vc_raw_html][\/vc_column][\/vc_row][vc_row parallax_style=&#8221;none&#8221; parallax_scroll_effect=&#8221;fixed&#8221; css=&#8221;.vc_custom_1651435156602{background: #f7f7f7 url(https:\/\/rodrigomonteiro.pro.br\/site\/wp-content\/uploads\/2022\/04\/slider-1.png?id=956) !important;}&#8221;][vc_column css=&#8221;.vc_custom_1651434852887{padding-top: 100px !important;padding-bottom: 100px !important;}&#8221;][vc_row_inner layout=&#8221;boxed&#8221; parallax_style=&#8221;none&#8221; parallax_scroll_effect=&#8221;fixed&#8221;][vc_column_inner el_class=&#8221;col-md-6 col-sm-12&#8243; width=&#8221;5\/6&#8243;][vc_column_text]<\/p>\n<h3 style=\"box-sizing: inherit; margin-right: 0px; margin-bottom: 0px; margin-left: 0px; padding: 0px; border: 0px; outline: none; font-family: 'Roboto Condensed', sans-serif; line-height: 1.1; color: #ffffff; font-size: 24px;\">Alguma D\u00favida? Entre em contato conosco<\/h3>\n<p>[\/vc_column_text][\/vc_column_inner][vc_column_inner el_class=&#8221;col-md-6 col-sm-12&#8243; width=&#8221;1\/6&#8243; css=&#8221;.vc_custom_1651434842455{padding-top: 0px !important;}&#8221;]\t\t\t\t\t\t<a class=\"darna-button size-lg style3 icon-right  \"\n\t\t\t   href=\"#\"\n\t\t\t   title=\"CONTATE-NOS\"\n\t\t\t   target=\"_self\"\n\t\t\t\t>\n\t\t\t\tCONTATE-NOS <i class=\"fa fa-caret-right\"><\/i>\t\t\t<\/a>\n\t\t\t\t\t[\/vc_column_inner][\/vc_row_inner][\/vc_column][\/vc_row]<\/p>\n","protected":false},"excerpt":{"rendered":"<p>[vc_row parallax_style=&#8221;none&#8221; parallax_scroll_effect=&#8221;fixed&#8221; el_class=&#8221;margin-bottom-100&#8243;][vc_column][rev_slider_vc alias=&#8221;home-1&#8243;][\/vc_column][\/vc_row][vc_row layout=&#8221;boxed&#8221; parallax_style=&#8221;none&#8221; parallax_scroll_effect=&#8221;fixed&#8221; el_class=&#8221;text-center margin-bottom-100&#8243;][vc_column width=&#8221;6\/12&#8243; el_class=&#8221;col-md-5 col-sm-12 col-xs-12&#8243;][vc_single_image image=&#8221;1049&#8243; img_size=&#8221;full&#8221; alignment=&#8221;center&#8221;][\/vc_column][vc_column width=&#8221;6\/12&#8243; el_class=&#8221;col-md-7 col-sm-12 col-xs-12&#8243;][vc_column_text css=&#8221;.vc_custom_1650840543024{padding-top: 33px !important;padding-bottom: 33px !important;}&#8221;] Rodrigo Monteiro da Silva j\u00e1 ministrou palestras em v\u00e1rios estados brasileiros, bem como no exterior. Suas exposi\u00e7\u00f5es apresentam temas variados, merecendo destaque: a tutela da probidade administrativa, o controle [&hellip;]<\/p>\n","protected":false},"author":1,"featured_media":0,"parent":0,"menu_order":0,"comment_status":"closed","ping_status":"closed","template":"","meta":{"footnotes":""},"class_list":["post-106","page","type-page","status-publish","hentry"],"_links":{"self":[{"href":"https:\/\/rodrigomonteiro.pro.br\/site\/wp-json\/wp\/v2\/pages\/106","targetHints":{"allow":["GET"]}}],"collection":[{"href":"https:\/\/rodrigomonteiro.pro.br\/site\/wp-json\/wp\/v2\/pages"}],"about":[{"href":"https:\/\/rodrigomonteiro.pro.br\/site\/wp-json\/wp\/v2\/types\/page"}],"author":[{"embeddable":true,"href":"https:\/\/rodrigomonteiro.pro.br\/site\/wp-json\/wp\/v2\/users\/1"}],"replies":[{"embeddable":true,"href":"https:\/\/rodrigomonteiro.pro.br\/site\/wp-json\/wp\/v2\/comments?post=106"}],"version-history":[{"count":39,"href":"https:\/\/rodrigomonteiro.pro.br\/site\/wp-json\/wp\/v2\/pages\/106\/revisions"}],"predecessor-version":[{"id":1146,"href":"https:\/\/rodrigomonteiro.pro.br\/site\/wp-json\/wp\/v2\/pages\/106\/revisions\/1146"}],"wp:attachment":[{"href":"https:\/\/rodrigomonteiro.pro.br\/site\/wp-json\/wp\/v2\/media?parent=106"}],"curies":[{"name":"wp","href":"https:\/\/api.w.org\/{rel}","templated":true}]}}