{"id":1099,"date":"2022-05-08T17:24:59","date_gmt":"2022-05-08T17:24:59","guid":{"rendered":"https:\/\/rodrigomonteiro.pro.br\/site\/?page_id=1099"},"modified":"2022-05-08T17:59:11","modified_gmt":"2022-05-08T17:59:11","slug":"artigos","status":"publish","type":"page","link":"https:\/\/rodrigomonteiro.pro.br\/site\/artigos\/","title":{"rendered":"ARTIGOS"},"content":{"rendered":"<p>[vc_row parallax_style=&#8221;none&#8221; parallax_scroll_effect=&#8221;fixed&#8221; css=&#8221;.vc_custom_1652025282626{background-color: #ffffff !important;}&#8221;][vc_column][vc_row_inner layout=&#8221;boxed&#8221; parallax_style=&#8221;none&#8221; video_link=&#8221;&#8221; parallax_scroll_effect=&#8221;fixed&#8221; el_class=&#8221;margin-bottom-100&#8243;][vc_column_inner]\t\t\t\t<div\n\t\t\t\t\tclass=\"darna-post  \" >\n\t\t\t\t\t\t\t\t\t\t\t<div class=\"row\">\n\t\t\t\t\t\t\t\t\t\t\t\t\t\t\t<div class=\"col-lg-3 col-md-3 col-sm-6  col-xs-12\">\n\t\t\t\t\t\t\t\t\t<div class=\"darna-post-item margin-bottom-30\">\n\t\t\t\t\t\t\t\t\t\t\t\t\t\t\t\t\t\t\t\t\t<div class=\"darna-post-image\">\n\t\t\t\t\t\t\t\t\t\t\t\t<div class=\"entry-thumbnail\">\n                        <a href=\"https:\/\/rodrigomonteiro.pro.br\/site\/1a-turma-do-stf-valida-busca-pessoal-e-domiciliar-por-guarda-municipal\/\" title=\"1\u00aa turma do STF valida busca pessoal e domiciliar por guarda municipal\" class=\"entry-thumbnail_overlay\">\n                            <img loading=\"lazy\" decoding=\"async\" width=\"370\" height=\"220\" class=\"img-responsive\" src=\"https:\/\/rodrigomonteiro.pro.br\/site\/wp-content\/uploads\/2024\/10\/Unknown-3-370x220.jpeg\" alt=\"1\u00aa turma do STF valida busca pessoal e domiciliar por guarda municipal\" \/>\n                        <\/a>\n                        <a data-rel=\"prettyPhoto\" href=\"https:\/\/rodrigomonteiro.pro.br\/site\/wp-content\/uploads\/2024\/10\/Unknown-3.jpeg\" class=\"prettyPhoto\"><i class=\"fa fa-expand\"><\/i><\/a>\n                      <\/div>\t\t\t\t\t\t\t\t\t\t\t<\/div>\n\t\t\t\t\t\t\t\t\t\t\t\t\t\t\t\t\t\t\t\t<div class=\"darna-post-content\">\n\t\t\t\t\t\t\t\t\t\t\t<a class=\"darna-post-title\" href=\"https:\/\/rodrigomonteiro.pro.br\/site\/1a-turma-do-stf-valida-busca-pessoal-e-domiciliar-por-guarda-municipal\/\"\n\t\t\t\t\t\t\t\t\t\t\t   rel=\"bookmark\" title=\"1\u00aa turma do STF valida busca pessoal e domiciliar por guarda municipal\">1\u00aa turma do STF valida busca pessoal e domiciliar por guarda municipal<\/a>\n\t\t\t\t\t\t\t\t\t\t\t<i class=\"fa fa-calendar\"><span>outubro 3, 2024<\/span><\/i>\n\t\t\t\t\t\t\t\t\t\t\t<i class=\"fa fa-user\"><span><a href=\"https:\/\/rodrigomonteiro.pro.br\/site\/author\/rodrigomonteiro\/\">Rodrigo Monteiro<\/a><\/span><\/i>\n\t\t\t\t\t\t\t\t\t\t\t\t\t\t\t\t\t\t\t\t\t\t<p>02 de outubro de 2024 RE 1.468.558, 1\u00aa Turma, Rel. Min. Alexandre de Moraes, j. 01.10.2024. An\u00e1lise da decis\u00e3o do STJ que enxergou a presen\u00e7a de [...]<\/p>\n\t\t\t\t\t\t\t\t\t\t<\/div>\n\t\t\t\t\t\t\t\t\t<\/div>\n\t\t\t\t\t\t\t\t<\/div>\n\t\t\t\t\t\t\t\t\t\t\t\t\t\t\t<div class=\"col-lg-3 col-md-3 col-sm-6  col-xs-12\">\n\t\t\t\t\t\t\t\t\t<div class=\"darna-post-item margin-bottom-30\">\n\t\t\t\t\t\t\t\t\t\t\t\t\t\t\t\t\t\t\t\t\t<div class=\"darna-post-image\">\n\t\t\t\t\t\t\t\t\t\t\t\t<div class=\"entry-thumbnail\">\n                        <a href=\"https:\/\/rodrigomonteiro.pro.br\/site\/o-tribunal-do-juri-o-ifood-e-a-democracia-2023\/\" title=\"O Tribunal do j\u00fari, o iFood e a democracia &#8211; 2023\" class=\"entry-thumbnail_overlay\">\n                            <img loading=\"lazy\" decoding=\"async\" width=\"370\" height=\"220\" class=\"img-responsive\" src=\"https:\/\/rodrigomonteiro.pro.br\/site\/wp-content\/uploads\/2023\/12\/WhatsApp-Image-2023-12-06-at-21.08.57-370x220.jpeg\" alt=\"O Tribunal do j\u00fari, o iFood e a democracia &#8211; 2023\" \/>\n                        <\/a>\n                        <a data-rel=\"prettyPhoto\" href=\"https:\/\/rodrigomonteiro.pro.br\/site\/wp-content\/uploads\/2023\/12\/WhatsApp-Image-2023-12-06-at-21.08.57.jpeg\" class=\"prettyPhoto\"><i class=\"fa fa-expand\"><\/i><\/a>\n                      <\/div>\t\t\t\t\t\t\t\t\t\t\t<\/div>\n\t\t\t\t\t\t\t\t\t\t\t\t\t\t\t\t\t\t\t\t<div class=\"darna-post-content\">\n\t\t\t\t\t\t\t\t\t\t\t<a class=\"darna-post-title\" href=\"https:\/\/rodrigomonteiro.pro.br\/site\/o-tribunal-do-juri-o-ifood-e-a-democracia-2023\/\"\n\t\t\t\t\t\t\t\t\t\t\t   rel=\"bookmark\" title=\"O Tribunal do j\u00fari, o iFood e a democracia &#8211; 2023\">O Tribunal do j\u00fari, o iFood e a democracia &#8211; 2023<\/a>\n\t\t\t\t\t\t\t\t\t\t\t<i class=\"fa fa-calendar\"><span>dezembro 7, 2023<\/span><\/i>\n\t\t\t\t\t\t\t\t\t\t\t<i class=\"fa fa-user\"><span><a href=\"https:\/\/rodrigomonteiro.pro.br\/site\/author\/rodrigomonteiro\/\">Rodrigo Monteiro<\/a><\/span><\/i>\n\t\t\t\t\t\t\t\t\t\t\t\t\t\t\t\t\t\t\t\t\t\t<p>\u00a007 de dezembro de 2023 N\u00e3o se pode transigir com a vida! A vida \u00e9 o bem jur\u00eddico mais valioso do ser humano. Por se tratar do maior bem do ser [...]<\/p>\n\t\t\t\t\t\t\t\t\t\t<\/div>\n\t\t\t\t\t\t\t\t\t<\/div>\n\t\t\t\t\t\t\t\t<\/div>\n\t\t\t\t\t\t\t\t\t\t\t\t\t\t\t<div class=\"col-lg-3 col-md-3 col-sm-6  col-xs-12\">\n\t\t\t\t\t\t\t\t\t<div class=\"darna-post-item margin-bottom-30\">\n\t\t\t\t\t\t\t\t\t\t\t\t\t\t\t\t\t\t\t\t\t<div class=\"darna-post-image\">\n\t\t\t\t\t\t\t\t\t\t\t\t<div class=\"entry-thumbnail\">\n                        <a href=\"https:\/\/rodrigomonteiro.pro.br\/site\/o-tribunal-do-juri-e-a-retributividade-em-relacao-a-violacao-ao-principio-da-plenitude-da-vida-2023\/\" title=\"O Tribunal do j\u00fari e a retributividade em rela\u00e7\u00e3o \u00e0 viola\u00e7\u00e3o ao princ\u00edpio da plenitude da vida.- 2023\" class=\"entry-thumbnail_overlay\">\n                            <img loading=\"lazy\" decoding=\"async\" width=\"370\" height=\"220\" class=\"img-responsive\" src=\"https:\/\/rodrigomonteiro.pro.br\/site\/wp-content\/uploads\/2023\/11\/WhatsApp-Image-2023-11-13-at-20.16.16-370x220.jpeg\" alt=\"O Tribunal do j\u00fari e a retributividade em rela\u00e7\u00e3o \u00e0 viola\u00e7\u00e3o ao princ\u00edpio da plenitude da vida.- 2023\" \/>\n                        <\/a>\n                        <a data-rel=\"prettyPhoto\" href=\"https:\/\/rodrigomonteiro.pro.br\/site\/wp-content\/uploads\/2023\/11\/WhatsApp-Image-2023-11-13-at-20.16.16.jpeg\" class=\"prettyPhoto\"><i class=\"fa fa-expand\"><\/i><\/a>\n                      <\/div>\t\t\t\t\t\t\t\t\t\t\t<\/div>\n\t\t\t\t\t\t\t\t\t\t\t\t\t\t\t\t\t\t\t\t<div class=\"darna-post-content\">\n\t\t\t\t\t\t\t\t\t\t\t<a class=\"darna-post-title\" href=\"https:\/\/rodrigomonteiro.pro.br\/site\/o-tribunal-do-juri-e-a-retributividade-em-relacao-a-violacao-ao-principio-da-plenitude-da-vida-2023\/\"\n\t\t\t\t\t\t\t\t\t\t\t   rel=\"bookmark\" title=\"O Tribunal do j\u00fari e a retributividade em rela\u00e7\u00e3o \u00e0 viola\u00e7\u00e3o ao princ\u00edpio da plenitude da vida.- 2023\">O Tribunal do j\u00fari e a retributividade em rela\u00e7\u00e3o \u00e0 viola\u00e7\u00e3o ao princ\u00edpio da plenitude da vida.- 2023<\/a>\n\t\t\t\t\t\t\t\t\t\t\t<i class=\"fa fa-calendar\"><span>novembro 14, 2023<\/span><\/i>\n\t\t\t\t\t\t\t\t\t\t\t<i class=\"fa fa-user\"><span><a href=\"https:\/\/rodrigomonteiro.pro.br\/site\/author\/rodrigomonteiro\/\">Rodrigo Monteiro<\/a><\/span><\/i>\n\t\t\t\t\t\t\t\t\t\t\t\t\t\t\t\t\t\t\t\t\t\t<p>\u00a014 de novembro de 2023 O Tribunal do j\u00fari e a retributividade em rela\u00e7\u00e3o \u00e0 viola\u00e7\u00e3o ao princ\u00edpio da plenitude da vida. A vida \u00e9 o bem [...]<\/p>\n\t\t\t\t\t\t\t\t\t\t<\/div>\n\t\t\t\t\t\t\t\t\t<\/div>\n\t\t\t\t\t\t\t\t<\/div>\n\t\t\t\t\t\t\t\t\t\t\t\t\t\t\t<div class=\"col-lg-3 col-md-3 col-sm-6  col-xs-12\">\n\t\t\t\t\t\t\t\t\t<div class=\"darna-post-item margin-bottom-30\">\n\t\t\t\t\t\t\t\t\t\t\t\t\t\t\t\t\t\t\t\t\t<div class=\"darna-post-image\">\n\t\t\t\t\t\t\t\t\t\t\t\t<div class=\"entry-thumbnail\">\n                        <a href=\"https:\/\/rodrigomonteiro.pro.br\/site\/alienacao-antecipada-de-bens-em-processos-de-apuracao-de-atos-de-improbidade-administrativa\/\" title=\"ALIENA\u00c7\u00c3O ANTECIPADA DE BENS EM PROCESSOS DE APURA\u00c7\u00c3O DE ATOS DE IMPROBIDADE ADMINISTRATIVA\" class=\"entry-thumbnail_overlay\">\n                            <img loading=\"lazy\" decoding=\"async\" width=\"370\" height=\"220\" class=\"img-responsive\" src=\"https:\/\/rodrigomonteiro.pro.br\/site\/wp-content\/uploads\/2022\/05\/news-8-370x220.jpeg\" alt=\"ALIENA\u00c7\u00c3O ANTECIPADA DE BENS EM PROCESSOS DE APURA\u00c7\u00c3O DE ATOS DE IMPROBIDADE ADMINISTRATIVA\" \/>\n                        <\/a>\n                        <a data-rel=\"prettyPhoto\" href=\"https:\/\/rodrigomonteiro.pro.br\/site\/wp-content\/uploads\/2022\/05\/news-8.jpeg\" class=\"prettyPhoto\"><i class=\"fa fa-expand\"><\/i><\/a>\n                      <\/div>\t\t\t\t\t\t\t\t\t\t\t<\/div>\n\t\t\t\t\t\t\t\t\t\t\t\t\t\t\t\t\t\t\t\t<div class=\"darna-post-content\">\n\t\t\t\t\t\t\t\t\t\t\t<a class=\"darna-post-title\" href=\"https:\/\/rodrigomonteiro.pro.br\/site\/alienacao-antecipada-de-bens-em-processos-de-apuracao-de-atos-de-improbidade-administrativa\/\"\n\t\t\t\t\t\t\t\t\t\t\t   rel=\"bookmark\" title=\"ALIENA\u00c7\u00c3O ANTECIPADA DE BENS EM PROCESSOS DE APURA\u00c7\u00c3O DE ATOS DE IMPROBIDADE ADMINISTRATIVA\">ALIENA\u00c7\u00c3O ANTECIPADA DE BENS EM PROCESSOS DE APURA\u00c7\u00c3O DE ATOS DE IMPROBIDADE ADMINISTRATIVA<\/a>\n\t\t\t\t\t\t\t\t\t\t\t<i class=\"fa fa-calendar\"><span>maio 8, 2022<\/span><\/i>\n\t\t\t\t\t\t\t\t\t\t\t<i class=\"fa fa-user\"><span><a href=\"https:\/\/rodrigomonteiro.pro.br\/site\/author\/admin\/\">admin<\/a><\/span><\/i>\n\t\t\t\t\t\t\t\t\t\t\t\t\t\t\t\t\t\t\t\t\t\t<p>Publicado na REVISTA DO CONSELHO NACIONAL DO MINIST\u00c9RIO.\nP\u00daBLICO \u2013 N. 6, ano 2017<\/p>\n\t\t\t\t\t\t\t\t\t\t<\/div>\n\t\t\t\t\t\t\t\t\t<\/div>\n\t\t\t\t\t\t\t\t<\/div>\n\t\t\t\t\t\t\t\t\t\t\t\t\t\t\t<div class=\"col-lg-3 col-md-3 col-sm-6  col-xs-12\">\n\t\t\t\t\t\t\t\t\t<div class=\"darna-post-item margin-bottom-30\">\n\t\t\t\t\t\t\t\t\t\t\t\t\t\t\t\t\t\t\t\t\t<div class=\"darna-post-image\">\n\t\t\t\t\t\t\t\t\t\t\t\t<div class=\"entry-thumbnail\">\n                        <a href=\"https:\/\/rodrigomonteiro.pro.br\/site\/a-alteracao-na-forma-de-escolha-de-membros-dos-tribunais-de-contas-estaduais-por-meio-de-proposta-de-emenda-constitucional-oriunda-de-iniciativa-popular-uma-interpretacao-democratica-do-artigo-75-da\/\" title=\"A ALTERA\u00c7\u00c3O NA FORMA DE ESCOLHA DE MEMBROS DOS TRIBUNAIS DE CONTAS ESTADUAIS POR MEIO DE PROPOSTA DE EMENDA CONSTITUCIONAL ORIUNDA DE INICIATIVA POPULAR: UMA INTERPRETA\u00c7\u00c3O DEMOCR\u00c1TICA DO ARTIGO 75 DA CONSTITUI\u00c7\u00c3O FEDERAL\" class=\"entry-thumbnail_overlay\">\n                            <img loading=\"lazy\" decoding=\"async\" width=\"370\" height=\"220\" class=\"img-responsive\" src=\"https:\/\/rodrigomonteiro.pro.br\/site\/wp-content\/uploads\/2022\/05\/news-7-370x220.png\" alt=\"A ALTERA\u00c7\u00c3O NA FORMA DE ESCOLHA DE MEMBROS DOS TRIBUNAIS DE CONTAS ESTADUAIS POR MEIO DE PROPOSTA DE EMENDA CONSTITUCIONAL ORIUNDA DE INICIATIVA POPULAR: UMA INTERPRETA\u00c7\u00c3O DEMOCR\u00c1TICA DO ARTIGO 75 DA CONSTITUI\u00c7\u00c3O FEDERAL\" \/>\n                        <\/a>\n                        <a data-rel=\"prettyPhoto\" href=\"https:\/\/rodrigomonteiro.pro.br\/site\/wp-content\/uploads\/2022\/05\/news-7.png\" class=\"prettyPhoto\"><i class=\"fa fa-expand\"><\/i><\/a>\n                      <\/div>\t\t\t\t\t\t\t\t\t\t\t<\/div>\n\t\t\t\t\t\t\t\t\t\t\t\t\t\t\t\t\t\t\t\t<div class=\"darna-post-content\">\n\t\t\t\t\t\t\t\t\t\t\t<a class=\"darna-post-title\" href=\"https:\/\/rodrigomonteiro.pro.br\/site\/a-alteracao-na-forma-de-escolha-de-membros-dos-tribunais-de-contas-estaduais-por-meio-de-proposta-de-emenda-constitucional-oriunda-de-iniciativa-popular-uma-interpretacao-democratica-do-artigo-75-da\/\"\n\t\t\t\t\t\t\t\t\t\t\t   rel=\"bookmark\" title=\"A ALTERA\u00c7\u00c3O NA FORMA DE ESCOLHA DE MEMBROS DOS TRIBUNAIS DE CONTAS ESTADUAIS POR MEIO DE PROPOSTA DE EMENDA CONSTITUCIONAL ORIUNDA DE INICIATIVA POPULAR: UMA INTERPRETA\u00c7\u00c3O DEMOCR\u00c1TICA DO ARTIGO 75 DA CONSTITUI\u00c7\u00c3O FEDERAL\">A ALTERA\u00c7\u00c3O NA FORMA DE ESCOLHA DE MEMBROS DOS TRIBUNAIS DE CONTAS ESTADUAIS POR MEIO DE PROPOSTA DE EMENDA CONSTITUCIONAL ORIUNDA DE INICIATIVA POPULAR: UMA INTERPRETA\u00c7\u00c3O DEMOCR\u00c1TICA DO ARTIGO 75 DA CONSTITUI\u00c7\u00c3O FEDERAL<\/a>\n\t\t\t\t\t\t\t\t\t\t\t<i class=\"fa fa-calendar\"><span>maio 8, 2022<\/span><\/i>\n\t\t\t\t\t\t\t\t\t\t\t<i class=\"fa fa-user\"><span><a href=\"https:\/\/rodrigomonteiro.pro.br\/site\/author\/admin\/\">admin<\/a><\/span><\/i>\n\t\t\t\t\t\t\t\t\t\t\t\t\t\t\t\t\t\t\t\t\t\t<p>Publicado na REVISTA DO MINIST\u00c9RIO P\u00daBLICO DE CONTAS DO ESTADO DO PARAN\u00c1 \u2013 Nov\/2017 \/ mai\/2018 \u2013 N\u00famero 07 \/ Ano III<\/p>\n\t\t\t\t\t\t\t\t\t\t<\/div>\n\t\t\t\t\t\t\t\t\t<\/div>\n\t\t\t\t\t\t\t\t<\/div>\n\t\t\t\t\t\t\t\t\t\t\t\t\t\t\t<div class=\"col-lg-3 col-md-3 col-sm-6  col-xs-12\">\n\t\t\t\t\t\t\t\t\t<div class=\"darna-post-item margin-bottom-30\">\n\t\t\t\t\t\t\t\t\t\t\t\t\t\t\t\t\t\t\t\t\t<div class=\"darna-post-image\">\n\t\t\t\t\t\t\t\t\t\t\t\t<div class=\"entry-thumbnail\">\n                        <a href=\"https:\/\/rodrigomonteiro.pro.br\/site\/tribunal-do-juri-o-ministerio-publico-em-defesa-da-justica-2021\/\" title=\"CELEBRA\u00c7\u00c3O DE ACORDOS EM A\u00c7\u00d5ES DE IMPROBIDADE ADMINISTRATIVA COMO FORMA DE EVITAR A PROTE\u00c7\u00c3O DEFICIENTE DO INTERESSE P\u00daBLICO\" class=\"entry-thumbnail_overlay\">\n                            <img loading=\"lazy\" decoding=\"async\" width=\"370\" height=\"220\" class=\"img-responsive\" src=\"https:\/\/rodrigomonteiro.pro.br\/site\/wp-content\/uploads\/2022\/05\/news-6-370x220.png\" alt=\"CELEBRA\u00c7\u00c3O DE ACORDOS EM A\u00c7\u00d5ES DE IMPROBIDADE ADMINISTRATIVA COMO FORMA DE EVITAR A PROTE\u00c7\u00c3O DEFICIENTE DO INTERESSE P\u00daBLICO\" \/>\n                        <\/a>\n                        <a data-rel=\"prettyPhoto\" href=\"https:\/\/rodrigomonteiro.pro.br\/site\/wp-content\/uploads\/2022\/05\/news-6.png\" class=\"prettyPhoto\"><i class=\"fa fa-expand\"><\/i><\/a>\n                      <\/div>\t\t\t\t\t\t\t\t\t\t\t<\/div>\n\t\t\t\t\t\t\t\t\t\t\t\t\t\t\t\t\t\t\t\t<div class=\"darna-post-content\">\n\t\t\t\t\t\t\t\t\t\t\t<a class=\"darna-post-title\" href=\"https:\/\/rodrigomonteiro.pro.br\/site\/tribunal-do-juri-o-ministerio-publico-em-defesa-da-justica-2021\/\"\n\t\t\t\t\t\t\t\t\t\t\t   rel=\"bookmark\" title=\"CELEBRA\u00c7\u00c3O DE ACORDOS EM A\u00c7\u00d5ES DE IMPROBIDADE ADMINISTRATIVA COMO FORMA DE EVITAR A PROTE\u00c7\u00c3O DEFICIENTE DO INTERESSE P\u00daBLICO\">CELEBRA\u00c7\u00c3O DE ACORDOS EM A\u00c7\u00d5ES DE IMPROBIDADE ADMINISTRATIVA COMO FORMA DE EVITAR A PROTE\u00c7\u00c3O DEFICIENTE DO INTERESSE P\u00daBLICO<\/a>\n\t\t\t\t\t\t\t\t\t\t\t<i class=\"fa fa-calendar\"><span>maio 8, 2022<\/span><\/i>\n\t\t\t\t\t\t\t\t\t\t\t<i class=\"fa fa-user\"><span><a href=\"https:\/\/rodrigomonteiro.pro.br\/site\/author\/admin\/\">admin<\/a><\/span><\/i>\n\t\t\t\t\t\t\t\t\t\t\t\t\t\t\t\t\t\t\t\t\t\t<p>Publicado na REVISTA DO CONSELHO NACIONAL DO MINIST\u00c9RIO P\u00daBLICO. O Minist\u00e9rio P\u00fablico na defesa da probidade administrativa. @2019<\/p>\n\t\t\t\t\t\t\t\t\t\t<\/div>\n\t\t\t\t\t\t\t\t\t<\/div>\n\t\t\t\t\t\t\t\t<\/div>\n\t\t\t\t\t\t\t\t\t\t\t\t\t<\/div>\n\t\t\t\t\t\t\t\t\t<\/div>\n\t\t\t[\/vc_column_inner][\/vc_row_inner][\/vc_column][\/vc_row]<\/p>\n","protected":false},"excerpt":{"rendered":"<p>[vc_row parallax_style=&#8221;none&#8221; parallax_scroll_effect=&#8221;fixed&#8221; css=&#8221;.vc_custom_1652025282626{background-color: #ffffff !important;}&#8221;][vc_column][vc_row_inner layout=&#8221;boxed&#8221; parallax_style=&#8221;none&#8221; video_link=&#8221;&#8221; parallax_scroll_effect=&#8221;fixed&#8221; el_class=&#8221;margin-bottom-100&#8243;][vc_column_inner][\/vc_column_inner][\/vc_row_inner][\/vc_column][\/vc_row]<\/p>\n","protected":false},"author":1,"featured_media":0,"parent":0,"menu_order":0,"comment_status":"closed","ping_status":"closed","template":"","meta":{"footnotes":""},"class_list":["post-1099","page","type-page","status-publish","hentry"],"_links":{"self":[{"href":"https:\/\/rodrigomonteiro.pro.br\/site\/wp-json\/wp\/v2\/pages\/1099","targetHints":{"allow":["GET"]}}],"collection":[{"href":"https:\/\/rodrigomonteiro.pro.br\/site\/wp-json\/wp\/v2\/pages"}],"about":[{"href":"https:\/\/rodrigomonteiro.pro.br\/site\/wp-json\/wp\/v2\/types\/page"}],"author":[{"embeddable":true,"href":"https:\/\/rodrigomonteiro.pro.br\/site\/wp-json\/wp\/v2\/users\/1"}],"replies":[{"embeddable":true,"href":"https:\/\/rodrigomonteiro.pro.br\/site\/wp-json\/wp\/v2\/comments?post=1099"}],"version-history":[{"count":2,"href":"https:\/\/rodrigomonteiro.pro.br\/site\/wp-json\/wp\/v2\/pages\/1099\/revisions"}],"predecessor-version":[{"id":1106,"href":"https:\/\/rodrigomonteiro.pro.br\/site\/wp-json\/wp\/v2\/pages\/1099\/revisions\/1106"}],"wp:attachment":[{"href":"https:\/\/rodrigomonteiro.pro.br\/site\/wp-json\/wp\/v2\/media?parent=1099"}],"curies":[{"name":"wp","href":"https:\/\/api.w.org\/{rel}","templated":true}]}}