{"id":1114,"date":"2022-05-08T18:13:13","date_gmt":"2022-05-08T18:13:13","guid":{"rendered":"https:\/\/rodrigomonteiro.pro.br\/site\/?page_id=1114"},"modified":"2022-05-08T18:20:57","modified_gmt":"2022-05-08T18:20:57","slug":"artigos-de-jornal","status":"publish","type":"page","link":"https:\/\/rodrigomonteiro.pro.br\/site\/artigos-de-jornal\/","title":{"rendered":"ARTIGOS DE JORNAL"},"content":{"rendered":"<p>[vc_row parallax_style=&#8221;none&#8221; parallax_scroll_effect=&#8221;fixed&#8221; css=&#8221;.vc_custom_1652025282626{background-color: #ffffff !important;}&#8221;][vc_column][vc_row_inner layout=&#8221;boxed&#8221; parallax_style=&#8221;none&#8221; video_link=&#8221;&#8221; parallax_scroll_effect=&#8221;fixed&#8221; el_class=&#8221;margin-bottom-100&#8243;][vc_column_inner]\t\t\t\t<div\n\t\t\t\t\tclass=\"darna-post  \" >\n\t\t\t\t\t\t\t\t\t\t\t<div class=\"row\">\n\t\t\t\t\t\t\t\t\t\t\t\t\t\t\t<div class=\"col-lg-3 col-md-3 col-sm-6  col-xs-12\">\n\t\t\t\t\t\t\t\t\t<div class=\"darna-post-item margin-bottom-30\">\n\t\t\t\t\t\t\t\t\t\t\t\t\t\t\t\t\t\t\t\t\t<div class=\"darna-post-image\">\n\t\t\t\t\t\t\t\t\t\t\t\t<div class=\"entry-thumbnail\">\n                        <a href=\"https:\/\/rodrigomonteiro.pro.br\/site\/a-negacao-da-verdade-e-o-poder-das-faccoes-criminosas-no-es\/\" title=\"A nega\u00e7\u00e3o da verdade e o poder das fac\u00e7\u00f5es criminosas no ES.\" class=\"entry-thumbnail_overlay\">\n                            <img loading=\"lazy\" decoding=\"async\" width=\"370\" height=\"220\" class=\"img-responsive\" src=\"https:\/\/rodrigomonteiro.pro.br\/site\/wp-content\/uploads\/2025\/08\/onibus-incendiado-em-roda-dagua-em-cariacica-no-final-da-noite-de-segunda-feira-25-2880516-article-370x220.webp\" alt=\"A nega\u00e7\u00e3o da verdade e o poder das fac\u00e7\u00f5es criminosas no ES.\" \/>\n                        <\/a>\n                        <a data-rel=\"prettyPhoto\" href=\"\" class=\"prettyPhoto\"><i class=\"fa fa-expand\"><\/i><\/a>\n                      <\/div>\t\t\t\t\t\t\t\t\t\t\t<\/div>\n\t\t\t\t\t\t\t\t\t\t\t\t\t\t\t\t\t\t\t\t<div class=\"darna-post-content\">\n\t\t\t\t\t\t\t\t\t\t\t<a class=\"darna-post-title\" href=\"https:\/\/rodrigomonteiro.pro.br\/site\/a-negacao-da-verdade-e-o-poder-das-faccoes-criminosas-no-es\/\"\n\t\t\t\t\t\t\t\t\t\t\t   rel=\"bookmark\" title=\"A nega\u00e7\u00e3o da verdade e o poder das fac\u00e7\u00f5es criminosas no ES.\">A nega\u00e7\u00e3o da verdade e o poder das fac\u00e7\u00f5es criminosas no ES.<\/a>\n\t\t\t\t\t\t\t\t\t\t\t<i class=\"fa fa-calendar\"><span>agosto 27, 2025<\/span><\/i>\n\t\t\t\t\t\t\t\t\t\t\t<i class=\"fa fa-user\"><span><a href=\"https:\/\/rodrigomonteiro.pro.br\/site\/author\/rodrigomonteiro\/\">Rodrigo Monteiro<\/a><\/span><\/i>\n\t\t\t\t\t\t\t\t\t\t\t\t\t\t\t\t\t\t\t\t\t\t<p>https:\/\/www.agazeta.com.br\/artigos\/a-negacao-da-verdade-e-o-poder-das-faccoes-criminosas-no-es-0825\n<\/p>\n\t\t\t\t\t\t\t\t\t\t<\/div>\n\t\t\t\t\t\t\t\t\t<\/div>\n\t\t\t\t\t\t\t\t<\/div>\n\t\t\t\t\t\t\t\t\t\t\t\t\t\t\t<div class=\"col-lg-3 col-md-3 col-sm-6  col-xs-12\">\n\t\t\t\t\t\t\t\t\t<div class=\"darna-post-item margin-bottom-30\">\n\t\t\t\t\t\t\t\t\t\t\t\t\t\t\t\t\t\t\t\t\t<div class=\"darna-post-image\">\n\t\t\t\t\t\t\t\t\t\t\t\t<div class=\"entry-thumbnail\">\n                        <a href=\"https:\/\/rodrigomonteiro.pro.br\/site\/o-plano-pena-justa-e-a-equivocada-percepcao-da-realidade\/\" title=\"O plano \u201cPena Justa\u201d e a equivocada percep\u00e7\u00e3o da realidade\" class=\"entry-thumbnail_overlay\">\n                            <img loading=\"lazy\" decoding=\"async\" width=\"370\" height=\"220\" class=\"img-responsive\" src=\"https:\/\/rodrigomonteiro.pro.br\/site\/wp-content\/uploads\/2025\/02\/Unknown-370x220.jpeg\" alt=\"O plano \u201cPena Justa\u201d e a equivocada percep\u00e7\u00e3o da realidade\" \/>\n                        <\/a>\n                        <a data-rel=\"prettyPhoto\" href=\"https:\/\/rodrigomonteiro.pro.br\/site\/wp-content\/uploads\/2025\/02\/Unknown.jpeg\" class=\"prettyPhoto\"><i class=\"fa fa-expand\"><\/i><\/a>\n                      <\/div>\t\t\t\t\t\t\t\t\t\t\t<\/div>\n\t\t\t\t\t\t\t\t\t\t\t\t\t\t\t\t\t\t\t\t<div class=\"darna-post-content\">\n\t\t\t\t\t\t\t\t\t\t\t<a class=\"darna-post-title\" href=\"https:\/\/rodrigomonteiro.pro.br\/site\/o-plano-pena-justa-e-a-equivocada-percepcao-da-realidade\/\"\n\t\t\t\t\t\t\t\t\t\t\t   rel=\"bookmark\" title=\"O plano \u201cPena Justa\u201d e a equivocada percep\u00e7\u00e3o da realidade\">O plano \u201cPena Justa\u201d e a equivocada percep\u00e7\u00e3o da realidade<\/a>\n\t\t\t\t\t\t\t\t\t\t\t<i class=\"fa fa-calendar\"><span>fevereiro 19, 2025<\/span><\/i>\n\t\t\t\t\t\t\t\t\t\t\t<i class=\"fa fa-user\"><span><a href=\"https:\/\/rodrigomonteiro.pro.br\/site\/author\/rodrigomonteiro\/\">Rodrigo Monteiro<\/a><\/span><\/i>\n\t\t\t\t\t\t\t\t\t\t\t\t\t\t\t\t\t\t\t\t\t\t<p>A imagem pode conter direito autorais, imagem retirada da p\u00e1gina [...]<\/p>\n\t\t\t\t\t\t\t\t\t\t<\/div>\n\t\t\t\t\t\t\t\t\t<\/div>\n\t\t\t\t\t\t\t\t<\/div>\n\t\t\t\t\t\t\t\t\t\t\t\t\t\t\t<div class=\"col-lg-3 col-md-3 col-sm-6  col-xs-12\">\n\t\t\t\t\t\t\t\t\t<div class=\"darna-post-item margin-bottom-30\">\n\t\t\t\t\t\t\t\t\t\t\t\t\t\t\t\t\t\t\t\t\t<div class=\"darna-post-image\">\n\t\t\t\t\t\t\t\t\t\t\t\t<div class=\"entry-thumbnail\">\n                        <a href=\"https:\/\/rodrigomonteiro.pro.br\/site\/saques-furtos-e-roubos-em-meio-a-calamidade-crime-comum-ou-hediondo\/\" title=\"SAQUES, FURTOS E ROUBOS EM MEIO \u00c0 CALAMIDADE: CRIME COMUM OU HEDIONDO?\" class=\"entry-thumbnail_overlay\">\n                            <img loading=\"lazy\" decoding=\"async\" width=\"370\" height=\"220\" class=\"img-responsive\" src=\"https:\/\/rodrigomonteiro.pro.br\/site\/wp-content\/uploads\/2024\/05\/rsc-287-destruicao-040524-370x220.jpg\" alt=\"SAQUES, FURTOS E ROUBOS EM MEIO \u00c0 CALAMIDADE: CRIME COMUM OU HEDIONDO?\" \/>\n                        <\/a>\n                        <a data-rel=\"prettyPhoto\" href=\"https:\/\/rodrigomonteiro.pro.br\/site\/wp-content\/uploads\/2024\/05\/rsc-287-destruicao-040524.jpg\" class=\"prettyPhoto\"><i class=\"fa fa-expand\"><\/i><\/a>\n                      <\/div>\t\t\t\t\t\t\t\t\t\t\t<\/div>\n\t\t\t\t\t\t\t\t\t\t\t\t\t\t\t\t\t\t\t\t<div class=\"darna-post-content\">\n\t\t\t\t\t\t\t\t\t\t\t<a class=\"darna-post-title\" href=\"https:\/\/rodrigomonteiro.pro.br\/site\/saques-furtos-e-roubos-em-meio-a-calamidade-crime-comum-ou-hediondo\/\"\n\t\t\t\t\t\t\t\t\t\t\t   rel=\"bookmark\" title=\"SAQUES, FURTOS E ROUBOS EM MEIO \u00c0 CALAMIDADE: CRIME COMUM OU HEDIONDO?\">SAQUES, FURTOS E ROUBOS EM MEIO \u00c0 CALAMIDADE: CRIME COMUM OU HEDIONDO?<\/a>\n\t\t\t\t\t\t\t\t\t\t\t<i class=\"fa fa-calendar\"><span>maio 8, 2024<\/span><\/i>\n\t\t\t\t\t\t\t\t\t\t\t<i class=\"fa fa-user\"><span><a href=\"https:\/\/rodrigomonteiro.pro.br\/site\/author\/rodrigomonteiro\/\">Rodrigo Monteiro<\/a><\/span><\/i>\n\t\t\t\t\t\t\t\t\t\t\t\t\t\t\t\t\t\t\t\t\t\t<p>A imagem pode conter direito autorais, imagem retirada da p\u00e1gina [...]<\/p>\n\t\t\t\t\t\t\t\t\t\t<\/div>\n\t\t\t\t\t\t\t\t\t<\/div>\n\t\t\t\t\t\t\t\t<\/div>\n\t\t\t\t\t\t\t\t\t\t\t\t\t\t\t<div class=\"col-lg-3 col-md-3 col-sm-6  col-xs-12\">\n\t\t\t\t\t\t\t\t\t<div class=\"darna-post-item margin-bottom-30\">\n\t\t\t\t\t\t\t\t\t\t\t\t\t\t\t\t\t\t\t\t\t<div class=\"darna-post-image\">\n\t\t\t\t\t\t\t\t\t\t\t\t<div class=\"entry-thumbnail\">\n                        <a href=\"https:\/\/rodrigomonteiro.pro.br\/site\/o-estado-e-a-reintegracao-de-posse-da-violencia\/\" title=\"O ESTADO E A REINTEGRA\u00c7\u00c3O DE POSSE DA VIOL\u00caNCIA\" class=\"entry-thumbnail_overlay\">\n                            <img loading=\"lazy\" decoding=\"async\" width=\"370\" height=\"220\" class=\"img-responsive\" src=\"https:\/\/rodrigomonteiro.pro.br\/site\/wp-content\/uploads\/2024\/01\/Policias-1-370x220.png\" alt=\"O ESTADO E A REINTEGRA\u00c7\u00c3O DE POSSE DA VIOL\u00caNCIA\" \/>\n                        <\/a>\n                        <a data-rel=\"prettyPhoto\" href=\"https:\/\/rodrigomonteiro.pro.br\/site\/wp-content\/uploads\/2024\/01\/Policias-1.png\" class=\"prettyPhoto\"><i class=\"fa fa-expand\"><\/i><\/a>\n                      <\/div>\t\t\t\t\t\t\t\t\t\t\t<\/div>\n\t\t\t\t\t\t\t\t\t\t\t\t\t\t\t\t\t\t\t\t<div class=\"darna-post-content\">\n\t\t\t\t\t\t\t\t\t\t\t<a class=\"darna-post-title\" href=\"https:\/\/rodrigomonteiro.pro.br\/site\/o-estado-e-a-reintegracao-de-posse-da-violencia\/\"\n\t\t\t\t\t\t\t\t\t\t\t   rel=\"bookmark\" title=\"O ESTADO E A REINTEGRA\u00c7\u00c3O DE POSSE DA VIOL\u00caNCIA\">O ESTADO E A REINTEGRA\u00c7\u00c3O DE POSSE DA VIOL\u00caNCIA<\/a>\n\t\t\t\t\t\t\t\t\t\t\t<i class=\"fa fa-calendar\"><span>janeiro 15, 2024<\/span><\/i>\n\t\t\t\t\t\t\t\t\t\t\t<i class=\"fa fa-user\"><span><a href=\"https:\/\/rodrigomonteiro.pro.br\/site\/author\/rodrigomonteiro\/\">Rodrigo Monteiro<\/a><\/span><\/i>\n\t\t\t\t\t\t\t\t\t\t\t\t\t\t\t\t\t\t\t\t\t\t<p>A imagem pode conter direito autorais, imagem retirada da p\u00e1gina http:\/\/passatempo004.blogspot.com\/2013\/05\/filho-brigando-na-escola-o-que-fazer.html<\/p>\n\t\t\t\t\t\t\t\t\t\t<\/div>\n\t\t\t\t\t\t\t\t\t<\/div>\n\t\t\t\t\t\t\t\t<\/div>\n\t\t\t\t\t\t\t\t\t\t\t\t\t\t\t<div class=\"col-lg-3 col-md-3 col-sm-6  col-xs-12\">\n\t\t\t\t\t\t\t\t\t<div class=\"darna-post-item margin-bottom-30\">\n\t\t\t\t\t\t\t\t\t\t\t\t\t\t\t\t\t\t\t\t\t<div class=\"darna-post-image\">\n\t\t\t\t\t\t\t\t\t\t\t\t<div class=\"entry-thumbnail\">\n                        <a href=\"https:\/\/rodrigomonteiro.pro.br\/site\/muito-prazer-sou-punitivista-2024\/\" title=\"MUITO PRAZER, SOU PUNITIVISTA!- 2024\" class=\"entry-thumbnail_overlay\">\n                            <img loading=\"lazy\" decoding=\"async\" width=\"370\" height=\"220\" class=\"img-responsive\" src=\"https:\/\/rodrigomonteiro.pro.br\/site\/wp-content\/uploads\/2024\/01\/FILHO-BRIGANDO-NA-ESCOLA-370x220.jpg\" alt=\"MUITO PRAZER, SOU PUNITIVISTA!- 2024\" \/>\n                        <\/a>\n                        <a data-rel=\"prettyPhoto\" href=\"https:\/\/rodrigomonteiro.pro.br\/site\/wp-content\/uploads\/2024\/01\/FILHO-BRIGANDO-NA-ESCOLA.jpg\" class=\"prettyPhoto\"><i class=\"fa fa-expand\"><\/i><\/a>\n                      <\/div>\t\t\t\t\t\t\t\t\t\t\t<\/div>\n\t\t\t\t\t\t\t\t\t\t\t\t\t\t\t\t\t\t\t\t<div class=\"darna-post-content\">\n\t\t\t\t\t\t\t\t\t\t\t<a class=\"darna-post-title\" href=\"https:\/\/rodrigomonteiro.pro.br\/site\/muito-prazer-sou-punitivista-2024\/\"\n\t\t\t\t\t\t\t\t\t\t\t   rel=\"bookmark\" title=\"MUITO PRAZER, SOU PUNITIVISTA!- 2024\">MUITO PRAZER, SOU PUNITIVISTA!- 2024<\/a>\n\t\t\t\t\t\t\t\t\t\t\t<i class=\"fa fa-calendar\"><span>janeiro 5, 2024<\/span><\/i>\n\t\t\t\t\t\t\t\t\t\t\t<i class=\"fa fa-user\"><span><a href=\"https:\/\/rodrigomonteiro.pro.br\/site\/author\/rodrigomonteiro\/\">Rodrigo Monteiro<\/a><\/span><\/i>\n\t\t\t\t\t\t\t\t\t\t\t\t\t\t\t\t\t\t\t\t\t\t<p>A imagem pode conter direito autorais, imagem retirada da p\u00e1gina http:\/\/passatempo004.blogspot.com\/2013\/05\/filho-brigando-na-escola-o-que-fazer.html<\/p>\n\t\t\t\t\t\t\t\t\t\t<\/div>\n\t\t\t\t\t\t\t\t\t<\/div>\n\t\t\t\t\t\t\t\t<\/div>\n\t\t\t\t\t\t\t\t\t\t\t\t\t\t\t<div class=\"col-lg-3 col-md-3 col-sm-6  col-xs-12\">\n\t\t\t\t\t\t\t\t\t<div class=\"darna-post-item margin-bottom-30\">\n\t\t\t\t\t\t\t\t\t\t\t\t\t\t\t\t\t\t\t\t\t<div class=\"darna-post-image\">\n\t\t\t\t\t\t\t\t\t\t\t\t<div class=\"entry-thumbnail\">\n                        <a href=\"https:\/\/rodrigomonteiro.pro.br\/site\/o-negacionismo-e-o-trafico-de-drogas-2023\/\" title=\"O Negacionismo e o Tr\u00e1fico de Drogas- 2023\" class=\"entry-thumbnail_overlay\">\n                            <img loading=\"lazy\" decoding=\"async\" width=\"370\" height=\"220\" class=\"img-responsive\" src=\"https:\/\/rodrigomonteiro.pro.br\/site\/wp-content\/uploads\/2023\/06\/6a038ed2-796c-48ef-9402-a9879dba4600-370x220.jpeg\" alt=\"O Negacionismo e o Tr\u00e1fico de Drogas- 2023\" \/>\n                        <\/a>\n                        <a data-rel=\"prettyPhoto\" href=\"https:\/\/rodrigomonteiro.pro.br\/site\/wp-content\/uploads\/2023\/06\/6a038ed2-796c-48ef-9402-a9879dba4600.jpeg\" class=\"prettyPhoto\"><i class=\"fa fa-expand\"><\/i><\/a>\n                      <\/div>\t\t\t\t\t\t\t\t\t\t\t<\/div>\n\t\t\t\t\t\t\t\t\t\t\t\t\t\t\t\t\t\t\t\t<div class=\"darna-post-content\">\n\t\t\t\t\t\t\t\t\t\t\t<a class=\"darna-post-title\" href=\"https:\/\/rodrigomonteiro.pro.br\/site\/o-negacionismo-e-o-trafico-de-drogas-2023\/\"\n\t\t\t\t\t\t\t\t\t\t\t   rel=\"bookmark\" title=\"O Negacionismo e o Tr\u00e1fico de Drogas- 2023\">O Negacionismo e o Tr\u00e1fico de Drogas- 2023<\/a>\n\t\t\t\t\t\t\t\t\t\t\t<i class=\"fa fa-calendar\"><span>junho 30, 2023<\/span><\/i>\n\t\t\t\t\t\t\t\t\t\t\t<i class=\"fa fa-user\"><span><a href=\"https:\/\/rodrigomonteiro.pro.br\/site\/author\/rodrigomonteiro\/\">Rodrigo Monteiro<\/a><\/span><\/i>\n\t\t\t\t\t\t\t\t\t\t\t\t\t\t\t\t\t\t\t\t\t\t<p>A imagem pode conter direito autorais, imagem retirada da p\u00e1gina [...]<\/p>\n\t\t\t\t\t\t\t\t\t\t<\/div>\n\t\t\t\t\t\t\t\t\t<\/div>\n\t\t\t\t\t\t\t\t<\/div>\n\t\t\t\t\t\t\t\t\t\t\t\t\t\t\t<div class=\"col-lg-3 col-md-3 col-sm-6  col-xs-12\">\n\t\t\t\t\t\t\t\t\t<div class=\"darna-post-item margin-bottom-30\">\n\t\t\t\t\t\t\t\t\t\t\t\t\t\t\t\t\t\t\t\t\t<div class=\"darna-post-image\">\n\t\t\t\t\t\t\t\t\t\t\t\t<div class=\"entry-thumbnail\">\n                        <a href=\"https:\/\/rodrigomonteiro.pro.br\/site\/enunciado-da-sumula-231-do-superior-tribunal-de-justica-nao-deve-ser-revisto\/\" title=\"Enunciado da S\u00famula 231 do Superior Tribunal de Justi\u00e7a n\u00e3o deve ser revisto\" class=\"entry-thumbnail_overlay\">\n                            <img loading=\"lazy\" decoding=\"async\" width=\"370\" height=\"220\" class=\"img-responsive\" src=\"https:\/\/rodrigomonteiro.pro.br\/site\/wp-content\/uploads\/2023\/06\/231-370x220.jpg\" alt=\"Enunciado da S\u00famula 231 do Superior Tribunal de Justi\u00e7a n\u00e3o deve ser revisto\" \/>\n                        <\/a>\n                        <a data-rel=\"prettyPhoto\" href=\"https:\/\/rodrigomonteiro.pro.br\/site\/wp-content\/uploads\/2023\/06\/231.jpg\" class=\"prettyPhoto\"><i class=\"fa fa-expand\"><\/i><\/a>\n                      <\/div>\t\t\t\t\t\t\t\t\t\t\t<\/div>\n\t\t\t\t\t\t\t\t\t\t\t\t\t\t\t\t\t\t\t\t<div class=\"darna-post-content\">\n\t\t\t\t\t\t\t\t\t\t\t<a class=\"darna-post-title\" href=\"https:\/\/rodrigomonteiro.pro.br\/site\/enunciado-da-sumula-231-do-superior-tribunal-de-justica-nao-deve-ser-revisto\/\"\n\t\t\t\t\t\t\t\t\t\t\t   rel=\"bookmark\" title=\"Enunciado da S\u00famula 231 do Superior Tribunal de Justi\u00e7a n\u00e3o deve ser revisto\">Enunciado da S\u00famula 231 do Superior Tribunal de Justi\u00e7a n\u00e3o deve ser revisto<\/a>\n\t\t\t\t\t\t\t\t\t\t\t<i class=\"fa fa-calendar\"><span>junho 7, 2023<\/span><\/i>\n\t\t\t\t\t\t\t\t\t\t\t<i class=\"fa fa-user\"><span><a href=\"https:\/\/rodrigomonteiro.pro.br\/site\/author\/rodrigomonteiro\/\">Rodrigo Monteiro<\/a><\/span><\/i>\n\t\t\t\t\t\t\t\t\t\t\t\t\t\t\t\t\t\t\t\t\t\t<p>A imagem pode conter direito autorais, imagem retirada da p\u00e1gina [...]<\/p>\n\t\t\t\t\t\t\t\t\t\t<\/div>\n\t\t\t\t\t\t\t\t\t<\/div>\n\t\t\t\t\t\t\t\t<\/div>\n\t\t\t\t\t\t\t\t\t\t\t\t\t\t\t<div class=\"col-lg-3 col-md-3 col-sm-6  col-xs-12\">\n\t\t\t\t\t\t\t\t\t<div class=\"darna-post-item margin-bottom-30\">\n\t\t\t\t\t\t\t\t\t\t\t\t\t\t\t\t\t\t\t\t\t<div class=\"darna-post-image\">\n\t\t\t\t\t\t\t\t\t\t\t\t<div class=\"entry-thumbnail\">\n                        <a href=\"https:\/\/rodrigomonteiro.pro.br\/site\/o-trafico-de-drogas-no-metaverso-2022\/\" title=\"O TR\u00c1FICO DE DROGAS NO METAVERSO- 2022\" class=\"entry-thumbnail_overlay\">\n                            <img loading=\"lazy\" decoding=\"async\" width=\"370\" height=\"220\" class=\"img-responsive\" src=\"https:\/\/rodrigomonteiro.pro.br\/site\/wp-content\/uploads\/2023\/03\/images-1-3-370x220.jpg\" alt=\"O TR\u00c1FICO DE DROGAS NO METAVERSO- 2022\" \/>\n                        <\/a>\n                        <a data-rel=\"prettyPhoto\" href=\"https:\/\/rodrigomonteiro.pro.br\/site\/wp-content\/uploads\/2023\/03\/images-1-3.jpg\" class=\"prettyPhoto\"><i class=\"fa fa-expand\"><\/i><\/a>\n                      <\/div>\t\t\t\t\t\t\t\t\t\t\t<\/div>\n\t\t\t\t\t\t\t\t\t\t\t\t\t\t\t\t\t\t\t\t<div class=\"darna-post-content\">\n\t\t\t\t\t\t\t\t\t\t\t<a class=\"darna-post-title\" href=\"https:\/\/rodrigomonteiro.pro.br\/site\/o-trafico-de-drogas-no-metaverso-2022\/\"\n\t\t\t\t\t\t\t\t\t\t\t   rel=\"bookmark\" title=\"O TR\u00c1FICO DE DROGAS NO METAVERSO- 2022\">O TR\u00c1FICO DE DROGAS NO METAVERSO- 2022<\/a>\n\t\t\t\t\t\t\t\t\t\t\t<i class=\"fa fa-calendar\"><span>mar\u00e7o 22, 2023<\/span><\/i>\n\t\t\t\t\t\t\t\t\t\t\t<i class=\"fa fa-user\"><span><a href=\"https:\/\/rodrigomonteiro.pro.br\/site\/author\/rodrigomonteiro\/\">Rodrigo Monteiro<\/a><\/span><\/i>\n\t\t\t\t\t\t\t\t\t\t\t\t\t\t\t\t\t\t\t\t\t\t<p>A imagem pode conter direito autorais, imagem retirada da p\u00e1gina https:\/\/opceve.com.br\/metaverso-vai-ganhar-mais-forca-em-2023\/<\/p>\n\t\t\t\t\t\t\t\t\t\t<\/div>\n\t\t\t\t\t\t\t\t\t<\/div>\n\t\t\t\t\t\t\t\t<\/div>\n\t\t\t\t\t\t\t\t\t\t\t\t\t\t\t<div class=\"col-lg-3 col-md-3 col-sm-6  col-xs-12\">\n\t\t\t\t\t\t\t\t\t<div class=\"darna-post-item margin-bottom-30\">\n\t\t\t\t\t\t\t\t\t\t\t\t\t\t\t\t\t\t\t\t\t<div class=\"darna-post-image\">\n\t\t\t\t\t\t\t\t\t\t\t\t<div class=\"entry-thumbnail\">\n                        <a href=\"https:\/\/rodrigomonteiro.pro.br\/site\/a-protecao-deficiente-da-vida-celebra-aniversario-2022\/\" title=\"A PROTE\u00c7\u00c3O DEFICIENTE DA VIDA CELEBRA ANIVERS\u00c1RIO- 2022\" class=\"entry-thumbnail_overlay\">\n                            <img loading=\"lazy\" decoding=\"async\" width=\"370\" height=\"220\" class=\"img-responsive\" src=\"https:\/\/rodrigomonteiro.pro.br\/site\/wp-content\/uploads\/2023\/03\/icone-do-juri-tribunal-estilo-contorno-vetor-de-bancada-topicos-para-design-da-web-isolado-em-fundo-branco-200430845-370x220.jpg\" alt=\"A PROTE\u00c7\u00c3O DEFICIENTE DA VIDA CELEBRA ANIVERS\u00c1RIO- 2022\" \/>\n                        <\/a>\n                        <a data-rel=\"prettyPhoto\" href=\"https:\/\/rodrigomonteiro.pro.br\/site\/wp-content\/uploads\/2023\/03\/icone-do-juri-tribunal-estilo-contorno-vetor-de-bancada-topicos-para-design-da-web-isolado-em-fundo-branco-200430845.jpg\" class=\"prettyPhoto\"><i class=\"fa fa-expand\"><\/i><\/a>\n                      <\/div>\t\t\t\t\t\t\t\t\t\t\t<\/div>\n\t\t\t\t\t\t\t\t\t\t\t\t\t\t\t\t\t\t\t\t<div class=\"darna-post-content\">\n\t\t\t\t\t\t\t\t\t\t\t<a class=\"darna-post-title\" href=\"https:\/\/rodrigomonteiro.pro.br\/site\/a-protecao-deficiente-da-vida-celebra-aniversario-2022\/\"\n\t\t\t\t\t\t\t\t\t\t\t   rel=\"bookmark\" title=\"A PROTE\u00c7\u00c3O DEFICIENTE DA VIDA CELEBRA ANIVERS\u00c1RIO- 2022\">A PROTE\u00c7\u00c3O DEFICIENTE DA VIDA CELEBRA ANIVERS\u00c1RIO- 2022<\/a>\n\t\t\t\t\t\t\t\t\t\t\t<i class=\"fa fa-calendar\"><span>mar\u00e7o 22, 2023<\/span><\/i>\n\t\t\t\t\t\t\t\t\t\t\t<i class=\"fa fa-user\"><span><a href=\"https:\/\/rodrigomonteiro.pro.br\/site\/author\/rodrigomonteiro\/\">Rodrigo Monteiro<\/a><\/span><\/i>\n\t\t\t\t\t\t\t\t\t\t\t\t\t\t\t\t\t\t\t\t\t\t<p>A imagem pode conter direito autorais, imagem retirada da p\u00e1gina [...]<\/p>\n\t\t\t\t\t\t\t\t\t\t<\/div>\n\t\t\t\t\t\t\t\t\t<\/div>\n\t\t\t\t\t\t\t\t<\/div>\n\t\t\t\t\t\t\t\t\t\t\t\t\t\t\t<div class=\"col-lg-3 col-md-3 col-sm-6  col-xs-12\">\n\t\t\t\t\t\t\t\t\t<div class=\"darna-post-item margin-bottom-30\">\n\t\t\t\t\t\t\t\t\t\t\t\t\t\t\t\t\t\t\t\t\t<div class=\"darna-post-image\">\n\t\t\t\t\t\t\t\t\t\t\t\t<div class=\"entry-thumbnail\">\n                        <a href=\"https:\/\/rodrigomonteiro.pro.br\/site\/a-heranca-politica-de-lazaro-2021\/\" title=\"A HERAN\u00c7A POL\u00cdTICA DE L\u00c1ZARO- 2021\" class=\"entry-thumbnail_overlay\">\n                            <img loading=\"lazy\" decoding=\"async\" width=\"370\" height=\"220\" class=\"img-responsive\" src=\"https:\/\/rodrigomonteiro.pro.br\/site\/wp-content\/uploads\/2023\/03\/download-5-1-370x220.jpg\" alt=\"A HERAN\u00c7A POL\u00cdTICA DE L\u00c1ZARO- 2021\" \/>\n                        <\/a>\n                        <a data-rel=\"prettyPhoto\" href=\"https:\/\/rodrigomonteiro.pro.br\/site\/wp-content\/uploads\/2023\/03\/download-5-1.jpg\" class=\"prettyPhoto\"><i class=\"fa fa-expand\"><\/i><\/a>\n                      <\/div>\t\t\t\t\t\t\t\t\t\t\t<\/div>\n\t\t\t\t\t\t\t\t\t\t\t\t\t\t\t\t\t\t\t\t<div class=\"darna-post-content\">\n\t\t\t\t\t\t\t\t\t\t\t<a class=\"darna-post-title\" href=\"https:\/\/rodrigomonteiro.pro.br\/site\/a-heranca-politica-de-lazaro-2021\/\"\n\t\t\t\t\t\t\t\t\t\t\t   rel=\"bookmark\" title=\"A HERAN\u00c7A POL\u00cdTICA DE L\u00c1ZARO- 2021\">A HERAN\u00c7A POL\u00cdTICA DE L\u00c1ZARO- 2021<\/a>\n\t\t\t\t\t\t\t\t\t\t\t<i class=\"fa fa-calendar\"><span>mar\u00e7o 22, 2023<\/span><\/i>\n\t\t\t\t\t\t\t\t\t\t\t<i class=\"fa fa-user\"><span><a href=\"https:\/\/rodrigomonteiro.pro.br\/site\/author\/rodrigomonteiro\/\">Rodrigo Monteiro<\/a><\/span><\/i>\n\t\t\t\t\t\t\t\t\t\t\t\t\t\t\t\t\t\t\t\t\t\t<p>A imagem pode conter direito autorais, imagem retirada da p\u00e1gina https:\/\/www.personagembiblico.com.br\/2016\/12\/lazaro-o-amigo-de-jesus.html<\/p>\n\t\t\t\t\t\t\t\t\t\t<\/div>\n\t\t\t\t\t\t\t\t\t<\/div>\n\t\t\t\t\t\t\t\t<\/div>\n\t\t\t\t\t\t\t\t\t\t\t\t\t\t\t<div class=\"col-lg-3 col-md-3 col-sm-6  col-xs-12\">\n\t\t\t\t\t\t\t\t\t<div class=\"darna-post-item margin-bottom-30\">\n\t\t\t\t\t\t\t\t\t\t\t\t\t\t\t\t\t\t\t\t\t<div class=\"darna-post-image\">\n\t\t\t\t\t\t\t\t\t\t\t\t<div class=\"entry-thumbnail\">\n                        <a href=\"https:\/\/rodrigomonteiro.pro.br\/site\/covid-19-e-o-temor-a-transparencia-2020\/\" title=\"COVID-19 E O TEMOR \u00c0 TRANSPAR\u00caNCIA- 2020\" class=\"entry-thumbnail_overlay\">\n                            <img loading=\"lazy\" decoding=\"async\" width=\"370\" height=\"220\" class=\"img-responsive\" src=\"https:\/\/rodrigomonteiro.pro.br\/site\/wp-content\/uploads\/2023\/03\/download-4-1-370x220.jpg\" alt=\"COVID-19 E O TEMOR \u00c0 TRANSPAR\u00caNCIA- 2020\" \/>\n                        <\/a>\n                        <a data-rel=\"prettyPhoto\" href=\"https:\/\/rodrigomonteiro.pro.br\/site\/wp-content\/uploads\/2023\/03\/download-4-1.jpg\" class=\"prettyPhoto\"><i class=\"fa fa-expand\"><\/i><\/a>\n                      <\/div>\t\t\t\t\t\t\t\t\t\t\t<\/div>\n\t\t\t\t\t\t\t\t\t\t\t\t\t\t\t\t\t\t\t\t<div class=\"darna-post-content\">\n\t\t\t\t\t\t\t\t\t\t\t<a class=\"darna-post-title\" href=\"https:\/\/rodrigomonteiro.pro.br\/site\/covid-19-e-o-temor-a-transparencia-2020\/\"\n\t\t\t\t\t\t\t\t\t\t\t   rel=\"bookmark\" title=\"COVID-19 E O TEMOR \u00c0 TRANSPAR\u00caNCIA- 2020\">COVID-19 E O TEMOR \u00c0 TRANSPAR\u00caNCIA- 2020<\/a>\n\t\t\t\t\t\t\t\t\t\t\t<i class=\"fa fa-calendar\"><span>mar\u00e7o 22, 2023<\/span><\/i>\n\t\t\t\t\t\t\t\t\t\t\t<i class=\"fa fa-user\"><span><a href=\"https:\/\/rodrigomonteiro.pro.br\/site\/author\/rodrigomonteiro\/\">Rodrigo Monteiro<\/a><\/span><\/i>\n\t\t\t\t\t\t\t\t\t\t\t\t\t\t\t\t\t\t\t\t\t\t<p>A imagem pode conter direito autorais, imagem retirada da p\u00e1gina [...]<\/p>\n\t\t\t\t\t\t\t\t\t\t<\/div>\n\t\t\t\t\t\t\t\t\t<\/div>\n\t\t\t\t\t\t\t\t<\/div>\n\t\t\t\t\t\t\t\t\t\t\t\t\t\t\t<div class=\"col-lg-3 col-md-3 col-sm-6  col-xs-12\">\n\t\t\t\t\t\t\t\t\t<div class=\"darna-post-item margin-bottom-30\">\n\t\t\t\t\t\t\t\t\t\t\t\t\t\t\t\t\t\t\t\t\t<div class=\"darna-post-image\">\n\t\t\t\t\t\t\t\t\t\t\t\t<div class=\"entry-thumbnail\">\n                        <a href=\"https:\/\/rodrigomonteiro.pro.br\/site\/espelho-espelho-meu-2020\/\" title=\"ESPELHO, ESPELHO MEU- 2020\" class=\"entry-thumbnail_overlay\">\n                            <img loading=\"lazy\" decoding=\"async\" width=\"370\" height=\"220\" class=\"img-responsive\" src=\"https:\/\/rodrigomonteiro.pro.br\/site\/wp-content\/uploads\/2023\/03\/download-2-2-370x220.jpg\" alt=\"ESPELHO, ESPELHO MEU- 2020\" \/>\n                        <\/a>\n                        <a data-rel=\"prettyPhoto\" href=\"https:\/\/rodrigomonteiro.pro.br\/site\/wp-content\/uploads\/2023\/03\/download-2-2.jpg\" class=\"prettyPhoto\"><i class=\"fa fa-expand\"><\/i><\/a>\n                      <\/div>\t\t\t\t\t\t\t\t\t\t\t<\/div>\n\t\t\t\t\t\t\t\t\t\t\t\t\t\t\t\t\t\t\t\t<div class=\"darna-post-content\">\n\t\t\t\t\t\t\t\t\t\t\t<a class=\"darna-post-title\" href=\"https:\/\/rodrigomonteiro.pro.br\/site\/espelho-espelho-meu-2020\/\"\n\t\t\t\t\t\t\t\t\t\t\t   rel=\"bookmark\" title=\"ESPELHO, ESPELHO MEU- 2020\">ESPELHO, ESPELHO MEU- 2020<\/a>\n\t\t\t\t\t\t\t\t\t\t\t<i class=\"fa fa-calendar\"><span>mar\u00e7o 22, 2023<\/span><\/i>\n\t\t\t\t\t\t\t\t\t\t\t<i class=\"fa fa-user\"><span><a href=\"https:\/\/rodrigomonteiro.pro.br\/site\/author\/rodrigomonteiro\/\">Rodrigo Monteiro<\/a><\/span><\/i>\n\t\t\t\t\t\t\t\t\t\t\t\t\t\t\t\t\t\t\t\t\t\t<p>A imagem pode conter direito autorais, imagem retirada da p\u00e1gina https:\/\/www.casashopping.com\/blog\/post\/?29190<\/p>\n\t\t\t\t\t\t\t\t\t\t<\/div>\n\t\t\t\t\t\t\t\t\t<\/div>\n\t\t\t\t\t\t\t\t<\/div>\n\t\t\t\t\t\t\t\t\t\t\t\t\t<\/div>\n\t\t\t\t\t\t\t\t\t<\/div>\n\t\t\t[\/vc_column_inner][\/vc_row_inner][\/vc_column][\/vc_row]<\/p>\n","protected":false},"excerpt":{"rendered":"<p>[vc_row parallax_style=&#8221;none&#8221; parallax_scroll_effect=&#8221;fixed&#8221; css=&#8221;.vc_custom_1652025282626{background-color: #ffffff !important;}&#8221;][vc_column][vc_row_inner layout=&#8221;boxed&#8221; parallax_style=&#8221;none&#8221; video_link=&#8221;&#8221; parallax_scroll_effect=&#8221;fixed&#8221; el_class=&#8221;margin-bottom-100&#8243;][vc_column_inner][\/vc_column_inner][\/vc_row_inner][\/vc_column][\/vc_row]<\/p>\n","protected":false},"author":1,"featured_media":0,"parent":0,"menu_order":0,"comment_status":"closed","ping_status":"closed","template":"","meta":{"footnotes":""},"class_list":["post-1114","page","type-page","status-publish","hentry"],"_links":{"self":[{"href":"https:\/\/rodrigomonteiro.pro.br\/site\/wp-json\/wp\/v2\/pages\/1114","targetHints":{"allow":["GET"]}}],"collection":[{"href":"https:\/\/rodrigomonteiro.pro.br\/site\/wp-json\/wp\/v2\/pages"}],"about":[{"href":"https:\/\/rodrigomonteiro.pro.br\/site\/wp-json\/wp\/v2\/types\/page"}],"author":[{"embeddable":true,"href":"https:\/\/rodrigomonteiro.pro.br\/site\/wp-json\/wp\/v2\/users\/1"}],"replies":[{"embeddable":true,"href":"https:\/\/rodrigomonteiro.pro.br\/site\/wp-json\/wp\/v2\/comments?post=1114"}],"version-history":[{"count":3,"href":"https:\/\/rodrigomonteiro.pro.br\/site\/wp-json\/wp\/v2\/pages\/1114\/revisions"}],"predecessor-version":[{"id":1126,"href":"https:\/\/rodrigomonteiro.pro.br\/site\/wp-json\/wp\/v2\/pages\/1114\/revisions\/1126"}],"wp:attachment":[{"href":"https:\/\/rodrigomonteiro.pro.br\/site\/wp-json\/wp\/v2\/media?parent=1114"}],"curies":[{"name":"wp","href":"https:\/\/api.w.org\/{rel}","templated":true}]}}