{"id":115,"date":"2015-07-18T09:24:26","date_gmt":"2015-07-18T09:24:26","guid":{"rendered":"https:\/\/rodrigomonteiro.pro.br\/site\/?page_id=115"},"modified":"2023-05-18T17:57:49","modified_gmt":"2023-05-18T17:57:49","slug":"sobre-nos","status":"publish","type":"page","link":"https:\/\/rodrigomonteiro.pro.br\/site\/sobre-nos\/","title":{"rendered":"Sobre N\u00f3s"},"content":{"rendered":"<p>[vc_row layout=&#8221;boxed&#8221; parallax_style=&#8221;none&#8221; parallax_scroll_effect=&#8221;fixed&#8221; el_class=&#8221;margin-bottom-100&#8243;][vc_column width=&#8221;1\/2&#8243;][vc_single_image image=&#8221;1054&#8243; img_size=&#8221;full&#8221;][\/vc_column][vc_column width=&#8221;1\/2&#8243;]\t\t\t<div\n\t\t\t\tclass=\"darna-icon-box style3 \" >\n\t\t\t\t<a class=\"ibox-icon\" title=\"\"\n\t\t\t\t   target=\"_self\" href=\"#\">\n\t\t\t\t\t\t\t\t\t\t\t<i class=\"fa fa-suitcase\"><\/i>\n\t\t\t\t\t\t\t\t\t<\/a>\n\t\t\t\t\t\t\t\t\t<h3><a title=\"\" target=\"_self\"\n\t\t\t\t\t       href=\"#\">SOBRE RODRIGO MONTEIRO<\/a><\/h3>\n\t\t\t\t\t\t\t\t\t<p>Rodrigo Monteiro da Silva \u00e9 Doutor em Estado de Derecho y Gobernanza Global (Universidad de Salamanca, Espanha);<br \/>\nMestre em Direitos e Garantias Fundamentais (Faculdade de Direito de Vit\u00f3ria \u2013 FDV);<br \/>\nEspecialista em Combate ao Crime Organizado, Corrup\u00e7\u00e3o e Terrorismo (Universidad de Salamanca, Espanha);<br \/>\nEspecialista em Direito P\u00fablico (Universidade Gama Filho);<br \/>\nProfessor na P\u00f3s-gradua\u00e7\u00e3o em combate \u00e0 corrup\u00e7\u00e3o e compliance (CERS) e em P\u00f3s-Gradua\u00e7\u00f5es diversas;<br \/>\nInstrutor do Programa Nacional de Capacita\u00e7\u00e3o e Treinamento para o Combate \u00e0 Corrup\u00e7\u00e3o e \u00e0 Lavagem de Dinheiro (PNLD), do Minist\u00e9rio da Justi\u00e7a;<br \/>\nMembro associado do IDASAN (Instituto de Direito Administrativo Sancionador Brasileiro);<br \/>\nAutor de obras jur\u00eddicas;<br \/>\nEx-Servidor da Assembleia Legislativa do Estado do Esp\u00edrito.<br \/>\nEx-Auditor do Tribunal de Contas do Estado do Esp\u00edrito Santo;<br \/>\nPromotor de Justi\u00e7a no Estado do Esp\u00edrito Santo.<br \/>\nCasado e pai de dois filhos.<\/p>\n\t\t\t\t\t\t\t<\/div>\n\t\t\t[vc_empty_space]\t\t\t\t\t\t<a class=\"darna-button size-sm style1 icon-left  margin-right-7 xs-margin-bottom-15\"\n\t\t\t   href=\"http:\/\/buscatextual.cnpq.br\/buscatextual\/visualizacv.do?metodo=apresentar&#038;id=K8708706E1\"\n\t\t\t   title=\"CURR\u00cdCULO LATTES\"\n\t\t\t   target=\"_self\"\n\t\t\t\t>\n\t\t\t\tCURR\u00cdCULO LATTES\t\t\t<\/a>\n\t\t\t\t\t[\/vc_column][\/vc_row]<\/p>\n","protected":false},"excerpt":{"rendered":"<p>[vc_row layout=&#8221;boxed&#8221; parallax_style=&#8221;none&#8221; parallax_scroll_effect=&#8221;fixed&#8221; el_class=&#8221;margin-bottom-100&#8243;][vc_column width=&#8221;1\/2&#8243;][vc_single_image image=&#8221;1054&#8243; img_size=&#8221;full&#8221;][\/vc_column][vc_column width=&#8221;1\/2&#8243;][vc_empty_space][\/vc_column][\/vc_row]<\/p>\n","protected":false},"author":1,"featured_media":0,"parent":0,"menu_order":0,"comment_status":"closed","ping_status":"closed","template":"","meta":{"footnotes":""},"class_list":["post-115","page","type-page","status-publish","hentry"],"_links":{"self":[{"href":"https:\/\/rodrigomonteiro.pro.br\/site\/wp-json\/wp\/v2\/pages\/115","targetHints":{"allow":["GET"]}}],"collection":[{"href":"https:\/\/rodrigomonteiro.pro.br\/site\/wp-json\/wp\/v2\/pages"}],"about":[{"href":"https:\/\/rodrigomonteiro.pro.br\/site\/wp-json\/wp\/v2\/types\/page"}],"author":[{"embeddable":true,"href":"https:\/\/rodrigomonteiro.pro.br\/site\/wp-json\/wp\/v2\/users\/1"}],"replies":[{"embeddable":true,"href":"https:\/\/rodrigomonteiro.pro.br\/site\/wp-json\/wp\/v2\/comments?post=115"}],"version-history":[{"count":10,"href":"https:\/\/rodrigomonteiro.pro.br\/site\/wp-json\/wp\/v2\/pages\/115\/revisions"}],"predecessor-version":[{"id":1367,"href":"https:\/\/rodrigomonteiro.pro.br\/site\/wp-json\/wp\/v2\/pages\/115\/revisions\/1367"}],"wp:attachment":[{"href":"https:\/\/rodrigomonteiro.pro.br\/site\/wp-json\/wp\/v2\/media?parent=115"}],"curies":[{"name":"wp","href":"https:\/\/api.w.org\/{rel}","templated":true}]}}