{"id":1388,"date":"2023-06-08T18:40:04","date_gmt":"2023-06-08T18:40:04","guid":{"rendered":"https:\/\/rodrigomonteiro.pro.br\/site\/?page_id=1388"},"modified":"2023-06-08T18:47:56","modified_gmt":"2023-06-08T18:47:56","slug":"news","status":"publish","type":"page","link":"https:\/\/rodrigomonteiro.pro.br\/site\/news\/","title":{"rendered":"NEWS"},"content":{"rendered":"<p>[vc_row parallax_style=&#8221;none&#8221; parallax_scroll_effect=&#8221;fixed&#8221; css=&#8221;.vc_custom_1652025282626{background-color: #ffffff !important;}&#8221;][vc_column][vc_row_inner layout=&#8221;boxed&#8221; parallax_style=&#8221;none&#8221; video_link=&#8221;&#8221; parallax_scroll_effect=&#8221;fixed&#8221; el_class=&#8221;margin-bottom-100&#8243;][vc_column_inner]\t\t\t\t<div\n\t\t\t\t\tclass=\"darna-post  \" >\n\t\t\t\t\t\t\t\t\t\t\t<div class=\"row\">\n\t\t\t\t\t\t\t\t\t\t\t\t\t\t\t<div class=\"col-lg-3 col-md-3 col-sm-6  col-xs-12\">\n\t\t\t\t\t\t\t\t\t<div class=\"darna-post-item margin-bottom-30\">\n\t\t\t\t\t\t\t\t\t\t\t\t\t\t\t\t\t\t\t\t\t<div class=\"darna-post-image\">\n\t\t\t\t\t\t\t\t\t\t\t\t<div class=\"entry-thumbnail\">\n                        <a href=\"https:\/\/rodrigomonteiro.pro.br\/site\/cnmp-brasilia-30-de-novembro-2023\/\" title=\"CNMP &#8211; BRAS\u00cdLIA\/ &#8211; 30 de novembro 2023\" class=\"entry-thumbnail_overlay\">\n                            <img loading=\"lazy\" decoding=\"async\" width=\"370\" height=\"220\" class=\"img-responsive\" src=\"https:\/\/rodrigomonteiro.pro.br\/site\/wp-content\/uploads\/2023\/11\/Brasilia-WhatsApp-Image-2023-11-30-at-19.05.28-370x220.jpeg\" alt=\"CNMP &#8211; BRAS\u00cdLIA\/ &#8211; 30 de novembro 2023\" \/>\n                        <\/a>\n                        <a data-rel=\"prettyPhoto\" href=\"https:\/\/rodrigomonteiro.pro.br\/site\/wp-content\/uploads\/2023\/11\/Brasilia-WhatsApp-Image-2023-11-30-at-19.05.28.jpeg\" class=\"prettyPhoto\"><i class=\"fa fa-expand\"><\/i><\/a>\n                      <\/div>\t\t\t\t\t\t\t\t\t\t\t<\/div>\n\t\t\t\t\t\t\t\t\t\t\t\t\t\t\t\t\t\t\t\t<div class=\"darna-post-content\">\n\t\t\t\t\t\t\t\t\t\t\t<a class=\"darna-post-title\" href=\"https:\/\/rodrigomonteiro.pro.br\/site\/cnmp-brasilia-30-de-novembro-2023\/\"\n\t\t\t\t\t\t\t\t\t\t\t   rel=\"bookmark\" title=\"CNMP &#8211; BRAS\u00cdLIA\/ &#8211; 30 de novembro 2023\">CNMP &#8211; BRAS\u00cdLIA\/ &#8211; 30 de novembro 2023<\/a>\n\t\t\t\t\t\t\t\t\t\t\t<i class=\"fa fa-calendar\"><span>novembro 30, 2023<\/span><\/i>\n\t\t\t\t\t\t\t\t\t\t\t<i class=\"fa fa-user\"><span><a href=\"https:\/\/rodrigomonteiro.pro.br\/site\/author\/rodrigomonteiro\/\">Rodrigo Monteiro<\/a><\/span><\/i>\n\t\t\t\t\t\t\t\t\t\t\t\t\t\t\t\t\t\t\t\t\t\t<p>Alegria enorme em participar do Encontro Nacional do MP no Sistema Prisional, Controle Externo da Atividade Policial e Seguran\u00e7a P\u00fablica, promovida [...]<\/p>\n\t\t\t\t\t\t\t\t\t\t<\/div>\n\t\t\t\t\t\t\t\t\t<\/div>\n\t\t\t\t\t\t\t\t<\/div>\n\t\t\t\t\t\t\t\t\t\t\t\t\t\t\t<div class=\"col-lg-3 col-md-3 col-sm-6  col-xs-12\">\n\t\t\t\t\t\t\t\t\t<div class=\"darna-post-item margin-bottom-30\">\n\t\t\t\t\t\t\t\t\t\t\t\t\t\t\t\t\t\t\t\t\t<div class=\"darna-post-image\">\n\t\t\t\t\t\t\t\t\t\t\t\t<div class=\"entry-thumbnail\">\n                        <a href=\"https:\/\/rodrigomonteiro.pro.br\/site\/comanda-major-caetano-rio-novo-do-sul-es-22-de-novembro-2023\/\" title=\"Comenda Major Caetano Rio Novo do Sul\/ES &#8211; 22 de novembro 2023\" class=\"entry-thumbnail_overlay\">\n                            <img loading=\"lazy\" decoding=\"async\" width=\"370\" height=\"220\" class=\"img-responsive\" src=\"https:\/\/rodrigomonteiro.pro.br\/site\/wp-content\/uploads\/2023\/11\/fotos-rio-novo-do-sulB7060C69-8B8B-4E40-9193-8216C958C9D1_1_201_a-370x220.jpeg\" alt=\"Comenda Major Caetano Rio Novo do Sul\/ES &#8211; 22 de novembro 2023\" \/>\n                        <\/a>\n                        <a data-rel=\"prettyPhoto\" href=\"https:\/\/rodrigomonteiro.pro.br\/site\/wp-content\/uploads\/2023\/11\/fotos-rio-novo-do-sulB7060C69-8B8B-4E40-9193-8216C958C9D1_1_201_a.jpeg\" class=\"prettyPhoto\"><i class=\"fa fa-expand\"><\/i><\/a>\n                      <\/div>\t\t\t\t\t\t\t\t\t\t\t<\/div>\n\t\t\t\t\t\t\t\t\t\t\t\t\t\t\t\t\t\t\t\t<div class=\"darna-post-content\">\n\t\t\t\t\t\t\t\t\t\t\t<a class=\"darna-post-title\" href=\"https:\/\/rodrigomonteiro.pro.br\/site\/comanda-major-caetano-rio-novo-do-sul-es-22-de-novembro-2023\/\"\n\t\t\t\t\t\t\t\t\t\t\t   rel=\"bookmark\" title=\"Comenda Major Caetano Rio Novo do Sul\/ES &#8211; 22 de novembro 2023\">Comenda Major Caetano Rio Novo do Sul\/ES &#8211; 22 de novembro 2023<\/a>\n\t\t\t\t\t\t\t\t\t\t\t<i class=\"fa fa-calendar\"><span>novembro 23, 2023<\/span><\/i>\n\t\t\t\t\t\t\t\t\t\t\t<i class=\"fa fa-user\"><span><a href=\"https:\/\/rodrigomonteiro.pro.br\/site\/author\/rodrigomonteiro\/\">Rodrigo Monteiro<\/a><\/span><\/i>\n\t\t\t\t\t\t\t\t\t\t\t\t\t\t\t\t\t\t\t\t\t\t<p>Com imensa alegria fui homenageado com a Comenda Major Caetano, maior honraria concedida pelo munic\u00edpio de Rio Novo Sul aos que trabalham em prol do [...]<\/p>\n\t\t\t\t\t\t\t\t\t\t<\/div>\n\t\t\t\t\t\t\t\t\t<\/div>\n\t\t\t\t\t\t\t\t<\/div>\n\t\t\t\t\t\t\t\t\t\t\t\t\t\t\t<div class=\"col-lg-3 col-md-3 col-sm-6  col-xs-12\">\n\t\t\t\t\t\t\t\t\t<div class=\"darna-post-item margin-bottom-30\">\n\t\t\t\t\t\t\t\t\t\t\t\t\t\t\t\t\t\t\t\t\t<div class=\"darna-post-image\">\n\t\t\t\t\t\t\t\t\t\t\t\t<div class=\"entry-thumbnail\">\n                        <a href=\"https:\/\/rodrigomonteiro.pro.br\/site\/congresso-nacional-do-juri-em-belo-horizonte-mg\/\" title=\"Congresso Nacional do J\u00fari em Belo Horizonte\/MG\" class=\"entry-thumbnail_overlay\">\n                            <img loading=\"lazy\" decoding=\"async\" width=\"370\" height=\"220\" class=\"img-responsive\" src=\"https:\/\/rodrigomonteiro.pro.br\/site\/wp-content\/uploads\/2023\/10\/belo-horizonte-2-370x220.jpg\" alt=\"Congresso Nacional do J\u00fari em Belo Horizonte\/MG\" \/>\n                        <\/a>\n                        <a data-rel=\"prettyPhoto\" href=\"https:\/\/rodrigomonteiro.pro.br\/site\/wp-content\/uploads\/2023\/10\/belo-horizonte-2.jpg\" class=\"prettyPhoto\"><i class=\"fa fa-expand\"><\/i><\/a>\n                      <\/div>\t\t\t\t\t\t\t\t\t\t\t<\/div>\n\t\t\t\t\t\t\t\t\t\t\t\t\t\t\t\t\t\t\t\t<div class=\"darna-post-content\">\n\t\t\t\t\t\t\t\t\t\t\t<a class=\"darna-post-title\" href=\"https:\/\/rodrigomonteiro.pro.br\/site\/congresso-nacional-do-juri-em-belo-horizonte-mg\/\"\n\t\t\t\t\t\t\t\t\t\t\t   rel=\"bookmark\" title=\"Congresso Nacional do J\u00fari em Belo Horizonte\/MG\">Congresso Nacional do J\u00fari em Belo Horizonte\/MG<\/a>\n\t\t\t\t\t\t\t\t\t\t\t<i class=\"fa fa-calendar\"><span>outubro 9, 2023<\/span><\/i>\n\t\t\t\t\t\t\t\t\t\t\t<i class=\"fa fa-user\"><span><a href=\"https:\/\/rodrigomonteiro.pro.br\/site\/author\/rodrigomonteiro\/\">Rodrigo Monteiro<\/a><\/span><\/i>\n\t\t\t\t\t\t\t\t\t\t\t\t\t\t\t\t\t\t\t\t\t\t<p>Com muita alegria participamos do Congresso Nacional do J\u00fari, realizado entre os dias 04 a 06.10.2023, na bela cidade de Belo Horizonte, ocasi\u00e3o em [...]<\/p>\n\t\t\t\t\t\t\t\t\t\t<\/div>\n\t\t\t\t\t\t\t\t\t<\/div>\n\t\t\t\t\t\t\t\t<\/div>\n\t\t\t\t\t\t\t\t\t\t\t\t\t\t\t<div class=\"col-lg-3 col-md-3 col-sm-6  col-xs-12\">\n\t\t\t\t\t\t\t\t\t<div class=\"darna-post-item margin-bottom-30\">\n\t\t\t\t\t\t\t\t\t\t\t\t\t\t\t\t\t\t\t\t\t<div class=\"darna-post-image\">\n\t\t\t\t\t\t\t\t\t\t\t\t<div class=\"entry-thumbnail\">\n                        <a href=\"https:\/\/rodrigomonteiro.pro.br\/site\/bate-papo-com-policiais-militares-do-14-bpm-em-iuna-es\/\" title=\"Bate-papo com Policiais Militares do 14 BPM em I\u00fana\/ES\" class=\"entry-thumbnail_overlay\">\n                            <img loading=\"lazy\" decoding=\"async\" width=\"370\" height=\"220\" class=\"img-responsive\" src=\"https:\/\/rodrigomonteiro.pro.br\/site\/wp-content\/uploads\/2023\/09\/WhatsApp-Image-2023-09-30-at-08.46.16-370x220.jpeg\" alt=\"Bate-papo com Policiais Militares do 14 BPM em I\u00fana\/ES\" \/>\n                        <\/a>\n                        <a data-rel=\"prettyPhoto\" href=\"https:\/\/rodrigomonteiro.pro.br\/site\/wp-content\/uploads\/2023\/09\/WhatsApp-Image-2023-09-30-at-08.46.16.jpeg\" class=\"prettyPhoto\"><i class=\"fa fa-expand\"><\/i><\/a>\n                      <\/div>\t\t\t\t\t\t\t\t\t\t\t<\/div>\n\t\t\t\t\t\t\t\t\t\t\t\t\t\t\t\t\t\t\t\t<div class=\"darna-post-content\">\n\t\t\t\t\t\t\t\t\t\t\t<a class=\"darna-post-title\" href=\"https:\/\/rodrigomonteiro.pro.br\/site\/bate-papo-com-policiais-militares-do-14-bpm-em-iuna-es\/\"\n\t\t\t\t\t\t\t\t\t\t\t   rel=\"bookmark\" title=\"Bate-papo com Policiais Militares do 14 BPM em I\u00fana\/ES\">Bate-papo com Policiais Militares do 14 BPM em I\u00fana\/ES<\/a>\n\t\t\t\t\t\t\t\t\t\t\t<i class=\"fa fa-calendar\"><span>setembro 30, 2023<\/span><\/i>\n\t\t\t\t\t\t\t\t\t\t\t<i class=\"fa fa-user\"><span><a href=\"https:\/\/rodrigomonteiro.pro.br\/site\/author\/rodrigomonteiro\/\">Rodrigo Monteiro<\/a><\/span><\/i>\n\t\t\t\t\t\t\t\t\t\t\t\t\t\t\t\t\t\t\t\t\t\t<p>No dia 29 de setembro tivemos a oportunidade de conversar com v\u00e1rios policiais militares do 14o BPM, na cidade de I\u00fana, ocasi\u00e3o em que apresentamos [...]<\/p>\n\t\t\t\t\t\t\t\t\t\t<\/div>\n\t\t\t\t\t\t\t\t\t<\/div>\n\t\t\t\t\t\t\t\t<\/div>\n\t\t\t\t\t\t\t\t\t\t\t\t\t\t\t<div class=\"col-lg-3 col-md-3 col-sm-6  col-xs-12\">\n\t\t\t\t\t\t\t\t\t<div class=\"darna-post-item margin-bottom-30\">\n\t\t\t\t\t\t\t\t\t\t\t\t\t\t\t\t\t\t\t\t\t<div class=\"darna-post-image\">\n\t\t\t\t\t\t\t\t\t\t\t\t<div class=\"entry-thumbnail\">\n                        <a href=\"https:\/\/rodrigomonteiro.pro.br\/site\/conversa-com-a-associacao-dos-guardas-municipais-do-brasil\/\" title=\"Conversa com a Associa\u00e7\u00e3o dos Guardas Municipais do Brasil\" class=\"entry-thumbnail_overlay\">\n                            <img loading=\"lazy\" decoding=\"async\" width=\"370\" height=\"220\" class=\"img-responsive\" src=\"https:\/\/rodrigomonteiro.pro.br\/site\/wp-content\/uploads\/2023\/09\/guarda-municipal-1-1-370x220.jpeg\" alt=\"Conversa com a Associa\u00e7\u00e3o dos Guardas Municipais do Brasil\" \/>\n                        <\/a>\n                        <a data-rel=\"prettyPhoto\" href=\"https:\/\/rodrigomonteiro.pro.br\/site\/wp-content\/uploads\/2023\/09\/guarda-municipal-1-1.jpeg\" class=\"prettyPhoto\"><i class=\"fa fa-expand\"><\/i><\/a>\n                      <\/div>\t\t\t\t\t\t\t\t\t\t\t<\/div>\n\t\t\t\t\t\t\t\t\t\t\t\t\t\t\t\t\t\t\t\t<div class=\"darna-post-content\">\n\t\t\t\t\t\t\t\t\t\t\t<a class=\"darna-post-title\" href=\"https:\/\/rodrigomonteiro.pro.br\/site\/conversa-com-a-associacao-dos-guardas-municipais-do-brasil\/\"\n\t\t\t\t\t\t\t\t\t\t\t   rel=\"bookmark\" title=\"Conversa com a Associa\u00e7\u00e3o dos Guardas Municipais do Brasil\">Conversa com a Associa\u00e7\u00e3o dos Guardas Municipais do Brasil<\/a>\n\t\t\t\t\t\t\t\t\t\t\t<i class=\"fa fa-calendar\"><span>setembro 27, 2023<\/span><\/i>\n\t\t\t\t\t\t\t\t\t\t\t<i class=\"fa fa-user\"><span><a href=\"https:\/\/rodrigomonteiro.pro.br\/site\/author\/rodrigomonteiro\/\">Rodrigo Monteiro<\/a><\/span><\/i>\n\t\t\t\t\t\t\t\t\t\t\t\t\t\t\t\t\t\t\t\t\t\t<p>https:\/\/www.youtube.com\/watch?v=AGNl6Q-u0nE\n<\/p>\n\t\t\t\t\t\t\t\t\t\t<\/div>\n\t\t\t\t\t\t\t\t\t<\/div>\n\t\t\t\t\t\t\t\t<\/div>\n\t\t\t\t\t\t\t\t\t\t\t\t\t\t\t<div class=\"col-lg-3 col-md-3 col-sm-6  col-xs-12\">\n\t\t\t\t\t\t\t\t\t<div class=\"darna-post-item margin-bottom-30\">\n\t\t\t\t\t\t\t\t\t\t\t\t\t\t\t\t\t\t\t\t\t<div class=\"darna-post-image\">\n\t\t\t\t\t\t\t\t\t\t\t\t<div class=\"entry-thumbnail\">\n                        <a href=\"https:\/\/rodrigomonteiro.pro.br\/site\/seminario-nacional-de-processo-administrativo-disciplinar-foz-do-iguacu\/\" title=\"Semin\u00e1rio Nacional de Processo Administrativo Disciplinar &#8211; Foz do Igua\u00e7u\" class=\"entry-thumbnail_overlay\">\n                            <img loading=\"lazy\" decoding=\"async\" width=\"370\" height=\"220\" class=\"img-responsive\" src=\"https:\/\/rodrigomonteiro.pro.br\/site\/wp-content\/uploads\/2023\/08\/Foz-do-Iguacu-370x220.jpeg\" alt=\"Semin\u00e1rio Nacional de Processo Administrativo Disciplinar &#8211; Foz do Igua\u00e7u\" \/>\n                        <\/a>\n                        <a data-rel=\"prettyPhoto\" href=\"https:\/\/rodrigomonteiro.pro.br\/site\/wp-content\/uploads\/2023\/08\/Foz-do-Iguacu.jpeg\" class=\"prettyPhoto\"><i class=\"fa fa-expand\"><\/i><\/a>\n                      <\/div>\t\t\t\t\t\t\t\t\t\t\t<\/div>\n\t\t\t\t\t\t\t\t\t\t\t\t\t\t\t\t\t\t\t\t<div class=\"darna-post-content\">\n\t\t\t\t\t\t\t\t\t\t\t<a class=\"darna-post-title\" href=\"https:\/\/rodrigomonteiro.pro.br\/site\/seminario-nacional-de-processo-administrativo-disciplinar-foz-do-iguacu\/\"\n\t\t\t\t\t\t\t\t\t\t\t   rel=\"bookmark\" title=\"Semin\u00e1rio Nacional de Processo Administrativo Disciplinar &#8211; Foz do Igua\u00e7u\">Semin\u00e1rio Nacional de Processo Administrativo Disciplinar &#8211; Foz do Igua\u00e7u<\/a>\n\t\t\t\t\t\t\t\t\t\t\t<i class=\"fa fa-calendar\"><span>agosto 29, 2023<\/span><\/i>\n\t\t\t\t\t\t\t\t\t\t\t<i class=\"fa fa-user\"><span><a href=\"https:\/\/rodrigomonteiro.pro.br\/site\/author\/rodrigomonteiro\/\">Rodrigo Monteiro<\/a><\/span><\/i>\n\t\t\t\t\t\t\t\t\t\t\t\t\t\t\t\t\t\t\t\t\t\t<p>Hoje foi dia de participar do 3\u00ba Semin\u00e1rio Nacional de Processo Administrativo Disciplinar \u2013 PAD, organizado pela Neg\u00f3cios P\u00fablicos. [...]<\/p>\n\t\t\t\t\t\t\t\t\t\t<\/div>\n\t\t\t\t\t\t\t\t\t<\/div>\n\t\t\t\t\t\t\t\t<\/div>\n\t\t\t\t\t\t\t\t\t\t\t\t\t\t\t<div class=\"col-lg-3 col-md-3 col-sm-6  col-xs-12\">\n\t\t\t\t\t\t\t\t\t<div class=\"darna-post-item margin-bottom-30\">\n\t\t\t\t\t\t\t\t\t\t\t\t\t\t\t\t\t\t\t\t\t<div class=\"darna-post-image\">\n\t\t\t\t\t\t\t\t\t\t\t\t<div class=\"entry-thumbnail\">\n                        <a href=\"https:\/\/rodrigomonteiro.pro.br\/site\/aspectos-relevantes-do-tribunal-do-juri-rondonia\/\" title=\"Aspectos Relevantes do Tribunal do J\u00fari &#8211; Rond\u00f4nia\" class=\"entry-thumbnail_overlay\">\n                            <img loading=\"lazy\" decoding=\"async\" width=\"370\" height=\"220\" class=\"img-responsive\" src=\"https:\/\/rodrigomonteiro.pro.br\/site\/wp-content\/uploads\/2023\/08\/Rondonia-1-1-370x220.jpeg\" alt=\"Aspectos Relevantes do Tribunal do J\u00fari &#8211; Rond\u00f4nia\" \/>\n                        <\/a>\n                        <a data-rel=\"prettyPhoto\" href=\"https:\/\/rodrigomonteiro.pro.br\/site\/wp-content\/uploads\/2023\/08\/Rondonia-1-1.jpeg\" class=\"prettyPhoto\"><i class=\"fa fa-expand\"><\/i><\/a>\n                      <\/div>\t\t\t\t\t\t\t\t\t\t\t<\/div>\n\t\t\t\t\t\t\t\t\t\t\t\t\t\t\t\t\t\t\t\t<div class=\"darna-post-content\">\n\t\t\t\t\t\t\t\t\t\t\t<a class=\"darna-post-title\" href=\"https:\/\/rodrigomonteiro.pro.br\/site\/aspectos-relevantes-do-tribunal-do-juri-rondonia\/\"\n\t\t\t\t\t\t\t\t\t\t\t   rel=\"bookmark\" title=\"Aspectos Relevantes do Tribunal do J\u00fari &#8211; Rond\u00f4nia\">Aspectos Relevantes do Tribunal do J\u00fari &#8211; Rond\u00f4nia<\/a>\n\t\t\t\t\t\t\t\t\t\t\t<i class=\"fa fa-calendar\"><span>agosto 10, 2023<\/span><\/i>\n\t\t\t\t\t\t\t\t\t\t\t<i class=\"fa fa-user\"><span><a href=\"https:\/\/rodrigomonteiro.pro.br\/site\/author\/rodrigomonteiro\/\">Rodrigo Monteiro<\/a><\/span><\/i>\n\t\t\t\t\t\t\t\t\t\t\t\t\t\t\t\t\t\t\t\t\t\t<p>Hoje, a convite do mestre Marcus Alexandre, tivemos a alegria de conversar com os colegas do Minist\u00e9rio p\u00fablico do Estado de Rond\u00f4nia sobre [...]<\/p>\n\t\t\t\t\t\t\t\t\t\t<\/div>\n\t\t\t\t\t\t\t\t\t<\/div>\n\t\t\t\t\t\t\t\t<\/div>\n\t\t\t\t\t\t\t\t\t\t\t\t\t\t\t<div class=\"col-lg-3 col-md-3 col-sm-6  col-xs-12\">\n\t\t\t\t\t\t\t\t\t<div class=\"darna-post-item margin-bottom-30\">\n\t\t\t\t\t\t\t\t\t\t\t\t\t\t\t\t\t\t\t\t\t<div class=\"darna-post-image\">\n\t\t\t\t\t\t\t\t\t\t\t\t<div class=\"entry-thumbnail\">\n                        <a href=\"https:\/\/rodrigomonteiro.pro.br\/site\/projeto-um-olhar-para-o-futuro-em-rio-novo-do-sul-es\/\" title=\"Projeto &#8220;Um Olhar para o Futuro&#8221; em Rio Novo do Sul\/ES\" class=\"entry-thumbnail_overlay\">\n                            <img loading=\"lazy\" decoding=\"async\" width=\"370\" height=\"220\" class=\"img-responsive\" src=\"https:\/\/rodrigomonteiro.pro.br\/site\/wp-content\/uploads\/2023\/08\/WhatsApp-Image-2023-08-02-at-09.27.41-370x220.jpeg\" alt=\"Projeto &#8220;Um Olhar para o Futuro&#8221; em Rio Novo do Sul\/ES\" \/>\n                        <\/a>\n                        <a data-rel=\"prettyPhoto\" href=\"https:\/\/rodrigomonteiro.pro.br\/site\/wp-content\/uploads\/2023\/08\/WhatsApp-Image-2023-08-02-at-09.27.41.jpeg\" class=\"prettyPhoto\"><i class=\"fa fa-expand\"><\/i><\/a>\n                      <\/div>\t\t\t\t\t\t\t\t\t\t\t<\/div>\n\t\t\t\t\t\t\t\t\t\t\t\t\t\t\t\t\t\t\t\t<div class=\"darna-post-content\">\n\t\t\t\t\t\t\t\t\t\t\t<a class=\"darna-post-title\" href=\"https:\/\/rodrigomonteiro.pro.br\/site\/projeto-um-olhar-para-o-futuro-em-rio-novo-do-sul-es\/\"\n\t\t\t\t\t\t\t\t\t\t\t   rel=\"bookmark\" title=\"Projeto &#8220;Um Olhar para o Futuro&#8221; em Rio Novo do Sul\/ES\">Projeto &#8220;Um Olhar para o Futuro&#8221; em Rio Novo do Sul\/ES<\/a>\n\t\t\t\t\t\t\t\t\t\t\t<i class=\"fa fa-calendar\"><span>agosto 2, 2023<\/span><\/i>\n\t\t\t\t\t\t\t\t\t\t\t<i class=\"fa fa-user\"><span><a href=\"https:\/\/rodrigomonteiro.pro.br\/site\/author\/rodrigomonteiro\/\">Rodrigo Monteiro<\/a><\/span><\/i>\n\t\t\t\t\t\t\t\t\t\t\t\t\t\t\t\t\t\t\t\t\t\t<p>Seguimos, na segunda etapa, do projeto \u00a0&#8220;Um Olhar para o Futuro&#8221;, desenvolvido pela Promotoria de Justi\u00e7a de Rio Novo do Sul, desta vez [...]<\/p>\n\t\t\t\t\t\t\t\t\t\t<\/div>\n\t\t\t\t\t\t\t\t\t<\/div>\n\t\t\t\t\t\t\t\t<\/div>\n\t\t\t\t\t\t\t\t\t\t\t\t\t\t\t<div class=\"col-lg-3 col-md-3 col-sm-6  col-xs-12\">\n\t\t\t\t\t\t\t\t\t<div class=\"darna-post-item margin-bottom-30\">\n\t\t\t\t\t\t\t\t\t\t\t\t\t\t\t\t\t\t\t\t\t<div class=\"darna-post-image\">\n\t\t\t\t\t\t\t\t\t\t\t\t<div class=\"entry-thumbnail\">\n                        <a href=\"https:\/\/rodrigomonteiro.pro.br\/site\/bate-papo-com-policiais-da-8-companhia-independente-em-santa-tereza-es\/\" title=\"Bate-papo com policiais da 8 Companhia Independente em Santa Teresa\/ES\" class=\"entry-thumbnail_overlay\">\n                            <img loading=\"lazy\" decoding=\"async\" width=\"370\" height=\"220\" class=\"img-responsive\" src=\"https:\/\/rodrigomonteiro.pro.br\/site\/wp-content\/uploads\/2023\/07\/IMG_1476-scaled-370x220.jpeg\" alt=\"Bate-papo com policiais da 8 Companhia Independente em Santa Teresa\/ES\" \/>\n                        <\/a>\n                        <a data-rel=\"prettyPhoto\" href=\"https:\/\/rodrigomonteiro.pro.br\/site\/wp-content\/uploads\/2023\/07\/IMG_1476-scaled.jpeg\" class=\"prettyPhoto\"><i class=\"fa fa-expand\"><\/i><\/a>\n                      <\/div>\t\t\t\t\t\t\t\t\t\t\t<\/div>\n\t\t\t\t\t\t\t\t\t\t\t\t\t\t\t\t\t\t\t\t<div class=\"darna-post-content\">\n\t\t\t\t\t\t\t\t\t\t\t<a class=\"darna-post-title\" href=\"https:\/\/rodrigomonteiro.pro.br\/site\/bate-papo-com-policiais-da-8-companhia-independente-em-santa-tereza-es\/\"\n\t\t\t\t\t\t\t\t\t\t\t   rel=\"bookmark\" title=\"Bate-papo com policiais da 8 Companhia Independente em Santa Teresa\/ES\">Bate-papo com policiais da 8 Companhia Independente em Santa Teresa\/ES<\/a>\n\t\t\t\t\t\t\t\t\t\t\t<i class=\"fa fa-calendar\"><span>julho 24, 2023<\/span><\/i>\n\t\t\t\t\t\t\t\t\t\t\t<i class=\"fa fa-user\"><span><a href=\"https:\/\/rodrigomonteiro.pro.br\/site\/author\/rodrigomonteiro\/\">Rodrigo Monteiro<\/a><\/span><\/i>\n\t\t\t\t\t\t\t\t\t\t\t\t\t\t\t\t\t\t\t\t\t\t<p>Nesta segunda-feira, dia 24.07, tivemos a oportunidade de bater um papo com os policiais civis e &nbsp;militares da 8\u00aa Companhia independente, que [...]<\/p>\n\t\t\t\t\t\t\t\t\t\t<\/div>\n\t\t\t\t\t\t\t\t\t<\/div>\n\t\t\t\t\t\t\t\t<\/div>\n\t\t\t\t\t\t\t\t\t\t\t\t\t\t\t<div class=\"col-lg-3 col-md-3 col-sm-6  col-xs-12\">\n\t\t\t\t\t\t\t\t\t<div class=\"darna-post-item margin-bottom-30\">\n\t\t\t\t\t\t\t\t\t\t\t\t\t\t\t\t\t\t\t\t\t<div class=\"darna-post-image\">\n\t\t\t\t\t\t\t\t\t\t\t\t<div class=\"entry-thumbnail\">\n                        <a href=\"https:\/\/rodrigomonteiro.pro.br\/site\/eleicao-para-conselheiro-cnj\/\" title=\"Elei\u00e7\u00e3o para Conselheiro  CNJ\" class=\"entry-thumbnail_overlay\">\n                            <img loading=\"lazy\" decoding=\"async\" width=\"370\" height=\"220\" class=\"img-responsive\" src=\"https:\/\/rodrigomonteiro.pro.br\/site\/wp-content\/uploads\/2023\/06\/68d985dc-514c-4448-ae51-68f558b7edb5-370x220.jpeg\" alt=\"Elei\u00e7\u00e3o para Conselheiro  CNJ\" \/>\n                        <\/a>\n                        <a data-rel=\"prettyPhoto\" href=\"https:\/\/rodrigomonteiro.pro.br\/site\/wp-content\/uploads\/2023\/06\/68d985dc-514c-4448-ae51-68f558b7edb5.jpeg\" class=\"prettyPhoto\"><i class=\"fa fa-expand\"><\/i><\/a>\n                      <\/div>\t\t\t\t\t\t\t\t\t\t\t<\/div>\n\t\t\t\t\t\t\t\t\t\t\t\t\t\t\t\t\t\t\t\t<div class=\"darna-post-content\">\n\t\t\t\t\t\t\t\t\t\t\t<a class=\"darna-post-title\" href=\"https:\/\/rodrigomonteiro.pro.br\/site\/eleicao-para-conselheiro-cnj\/\"\n\t\t\t\t\t\t\t\t\t\t\t   rel=\"bookmark\" title=\"Elei\u00e7\u00e3o para Conselheiro  CNJ\">Elei\u00e7\u00e3o para Conselheiro  CNJ<\/a>\n\t\t\t\t\t\t\t\t\t\t\t<i class=\"fa fa-calendar\"><span>junho 14, 2023<\/span><\/i>\n\t\t\t\t\t\t\t\t\t\t\t<i class=\"fa fa-user\"><span><a href=\"https:\/\/rodrigomonteiro.pro.br\/site\/author\/rodrigomonteiro\/\">Rodrigo Monteiro<\/a><\/span><\/i>\n\t\t\t\t\t\t\t\t\t\t\t\t\t\t\t\t\t\t\t\t\t\t<p>Enquanto aguard\u00e1vamos a elei\u00e7\u00e3o para a vaga de Conselheiro do CNJ, fizemos quest\u00e3o de nos encontrar com nossa PGJ, Dra. Luciana Andrade, que nos [...]<\/p>\n\t\t\t\t\t\t\t\t\t\t<\/div>\n\t\t\t\t\t\t\t\t\t<\/div>\n\t\t\t\t\t\t\t\t<\/div>\n\t\t\t\t\t\t\t\t\t\t\t\t\t\t\t<div class=\"col-lg-3 col-md-3 col-sm-6  col-xs-12\">\n\t\t\t\t\t\t\t\t\t<div class=\"darna-post-item margin-bottom-30\">\n\t\t\t\t\t\t\t\t\t\t\t\t\t\t\t\t\t\t\t\t\t<div class=\"darna-post-image\">\n\t\t\t\t\t\t\t\t\t\t\t\t<div class=\"entry-thumbnail\">\n                        <a href=\"https:\/\/rodrigomonteiro.pro.br\/site\/enunciado-da-sumula-231-do-superior-tribunal-de-justica-nao-deve-ser-revisto-2\/\" title=\"Indica\u00e7\u00e3o para vaga no CNJ\" class=\"entry-thumbnail_overlay\">\n                            <img loading=\"lazy\" decoding=\"async\" width=\"370\" height=\"220\" class=\"img-responsive\" src=\"https:\/\/rodrigomonteiro.pro.br\/site\/wp-content\/uploads\/2023\/06\/rodrigo-370x220.jpeg\" alt=\"Indica\u00e7\u00e3o para vaga no CNJ\" \/>\n                        <\/a>\n                        <a data-rel=\"prettyPhoto\" href=\"https:\/\/rodrigomonteiro.pro.br\/site\/wp-content\/uploads\/2023\/06\/rodrigo.jpeg\" class=\"prettyPhoto\"><i class=\"fa fa-expand\"><\/i><\/a>\n                      <\/div>\t\t\t\t\t\t\t\t\t\t\t<\/div>\n\t\t\t\t\t\t\t\t\t\t\t\t\t\t\t\t\t\t\t\t<div class=\"darna-post-content\">\n\t\t\t\t\t\t\t\t\t\t\t<a class=\"darna-post-title\" href=\"https:\/\/rodrigomonteiro.pro.br\/site\/enunciado-da-sumula-231-do-superior-tribunal-de-justica-nao-deve-ser-revisto-2\/\"\n\t\t\t\t\t\t\t\t\t\t\t   rel=\"bookmark\" title=\"Indica\u00e7\u00e3o para vaga no CNJ\">Indica\u00e7\u00e3o para vaga no CNJ<\/a>\n\t\t\t\t\t\t\t\t\t\t\t<i class=\"fa fa-calendar\"><span>junho 8, 2023<\/span><\/i>\n\t\t\t\t\t\t\t\t\t\t\t<i class=\"fa fa-user\"><span><a href=\"https:\/\/rodrigomonteiro.pro.br\/site\/author\/rodrigomonteiro\/\">Rodrigo Monteiro<\/a><\/span><\/i>\n\t\t\t\t\t\t\t\t\t\t\t\t\t\t\t\t\t\t\t\t\t\t<p>\u00c9 com grande alegria que recebemos a not\u00edcia de nossa indica\u00e7\u00e3o, por unanimidade, para a disputa da vaga de conselheiro do CNJ representado o [...]<\/p>\n\t\t\t\t\t\t\t\t\t\t<\/div>\n\t\t\t\t\t\t\t\t\t<\/div>\n\t\t\t\t\t\t\t\t<\/div>\n\t\t\t\t\t\t\t\t\t\t\t\t\t<\/div>\n\t\t\t\t\t\t\t\t\t<\/div>\n\t\t\t[\/vc_column_inner][\/vc_row_inner][\/vc_column][\/vc_row]<\/p>\n","protected":false},"excerpt":{"rendered":"<p>[vc_row parallax_style=&#8221;none&#8221; parallax_scroll_effect=&#8221;fixed&#8221; css=&#8221;.vc_custom_1652025282626{background-color: #ffffff !important;}&#8221;][vc_column][vc_row_inner layout=&#8221;boxed&#8221; parallax_style=&#8221;none&#8221; video_link=&#8221;&#8221; parallax_scroll_effect=&#8221;fixed&#8221; el_class=&#8221;margin-bottom-100&#8243;][vc_column_inner][\/vc_column_inner][\/vc_row_inner][\/vc_column][\/vc_row]<\/p>\n","protected":false},"author":1,"featured_media":0,"parent":0,"menu_order":0,"comment_status":"closed","ping_status":"closed","template":"","meta":{"footnotes":""},"class_list":["post-1388","page","type-page","status-publish","hentry"],"_links":{"self":[{"href":"https:\/\/rodrigomonteiro.pro.br\/site\/wp-json\/wp\/v2\/pages\/1388","targetHints":{"allow":["GET"]}}],"collection":[{"href":"https:\/\/rodrigomonteiro.pro.br\/site\/wp-json\/wp\/v2\/pages"}],"about":[{"href":"https:\/\/rodrigomonteiro.pro.br\/site\/wp-json\/wp\/v2\/types\/page"}],"author":[{"embeddable":true,"href":"https:\/\/rodrigomonteiro.pro.br\/site\/wp-json\/wp\/v2\/users\/1"}],"replies":[{"embeddable":true,"href":"https:\/\/rodrigomonteiro.pro.br\/site\/wp-json\/wp\/v2\/comments?post=1388"}],"version-history":[{"count":2,"href":"https:\/\/rodrigomonteiro.pro.br\/site\/wp-json\/wp\/v2\/pages\/1388\/revisions"}],"predecessor-version":[{"id":1420,"href":"https:\/\/rodrigomonteiro.pro.br\/site\/wp-json\/wp\/v2\/pages\/1388\/revisions\/1420"}],"wp:attachment":[{"href":"https:\/\/rodrigomonteiro.pro.br\/site\/wp-json\/wp\/v2\/media?parent=1388"}],"curies":[{"name":"wp","href":"https:\/\/api.w.org\/{rel}","templated":true}]}}